{"id":797,"date":"2022-02-18T16:58:56","date_gmt":"2022-02-18T15:58:56","guid":{"rendered":"https:\/\/ilsa-diagnostics.com\/contact\/"},"modified":"2022-09-12T14:37:08","modified_gmt":"2022-09-12T12:37:08","slug":"contact","status":"publish","type":"page","link":"https:\/\/ilsa-diagnostics.com\/en\/contact\/","title":{"rendered":"Contact"},"content":{"rendered":"\n<div class=\"wp-block-group alignwide title-text-2-columns is-layout-flow wp-block-group-is-layout-flow\">\n<div class=\"wp-block-columns is-layout-flex wp-container-core-columns-is-layout-1 wp-block-columns-is-layout-flex\">\n<div class=\"wp-block-column is-layout-flow wp-block-column-is-layout-flow\">\n<figure class=\"wp-block-image size-large coin-droit\"><img loading=\"lazy\" decoding=\"async\" width=\"1024\" height=\"682\" src=\"https:\/\/ilsa-diagnostics.com\/content\/uploads\/2022\/05\/iStock-510487654-1024x682.jpg\" alt=\"\" class=\"wp-image-520\" srcset=\"https:\/\/ilsa-diagnostics.com\/content\/uploads\/2022\/05\/iStock-510487654-1024x682.jpg 1024w, https:\/\/ilsa-diagnostics.com\/content\/uploads\/2022\/05\/iStock-510487654-300x200.jpg 300w, https:\/\/ilsa-diagnostics.com\/content\/uploads\/2022\/05\/iStock-510487654-768x512.jpg 768w, https:\/\/ilsa-diagnostics.com\/content\/uploads\/2022\/05\/iStock-510487654-1536x1024.jpg 1536w, https:\/\/ilsa-diagnostics.com\/content\/uploads\/2022\/05\/iStock-510487654-320x213.jpg 320w, https:\/\/ilsa-diagnostics.com\/content\/uploads\/2022\/05\/iStock-510487654.jpg 2000w\" sizes=\"auto, (max-width: 1024px) 100vw, 1024px\" \/><\/figure>\n<\/div>\n\n\n\n<div class=\"wp-block-column is-layout-flow wp-block-column-is-layout-flow\"><div class=\"wpforms-container wpforms-container-full wpforms-block\" id=\"wpforms-459\"><form id=\"wpforms-form-459\" class=\"wpforms-validate wpforms-form wpforms-ajax-form\" data-formid=\"459\" method=\"post\" enctype=\"multipart\/form-data\" action=\"\/en\/wp-json\/wp\/v2\/pages\/797\" data-token=\"f314d301549152168a1f2ce01df8b40f\" data-token-time=\"1775572195\"><noscript class=\"wpforms-error-noscript\">Please enable JavaScript in your browser to complete this form.<\/noscript><div class=\"wpforms-field-container\"><div id=\"wpforms-459-field_0-container\" class=\"wpforms-field wpforms-field-name\" data-field-id=\"0\"><label class=\"wpforms-field-label\" for=\"wpforms-459-field_0\">First and last names <span class=\"wpforms-required-label\">*<\/span><\/label><div class=\"wpforms-field-row wpforms-field-large\"><div class=\"wpforms-field-row-block wpforms-first wpforms-one-half\"><input type=\"text\" id=\"wpforms-459-field_0\" class=\"wpforms-field-name-first wpforms-field-required\" name=\"wpforms[fields][0][first]\" placeholder=\"Last name\" required><label for=\"wpforms-459-field_0\" class=\"wpforms-field-sublabel after wpforms-sublabel-hide\">First<\/label><\/div><div class=\"wpforms-field-row-block wpforms-one-half\"><input type=\"text\" id=\"wpforms-459-field_0-last\" class=\"wpforms-field-name-last wpforms-field-required\" name=\"wpforms[fields][0][last]\" placeholder=\"First name\" required><label for=\"wpforms-459-field_0-last\" class=\"wpforms-field-sublabel after wpforms-sublabel-hide\">Last<\/label><\/div><\/div><\/div><div id=\"wpforms-459-field_1-container\" class=\"wpforms-field wpforms-field-email\" data-field-id=\"1\"><label class=\"wpforms-field-label\" for=\"wpforms-459-field_1\">Your e-mail <span class=\"wpforms-required-label\">*<\/span><\/label><input type=\"email\" id=\"wpforms-459-field_1\" class=\"wpforms-field-large wpforms-field-required\" name=\"wpforms[fields][1]\" placeholder=\"Your e-mail\" spellcheck=\"false\" required><\/div><div id=\"wpforms-459-field_2-container\" class=\"wpforms-field wpforms-field-textarea\" data-field-id=\"2\"><label class=\"wpforms-field-label\" for=\"wpforms-459-field_2\">Your message <span class=\"wpforms-required-label\">*<\/span><\/label><textarea id=\"wpforms-459-field_2\" class=\"wpforms-field-large wpforms-field-required\" name=\"wpforms[fields][2]\" required><\/textarea><\/div><\/div><!-- .wpforms-field-container --><div class=\"wpforms-recaptcha-container wpforms-is-hcaptcha\" ><div class=\"g-recaptcha\" data-sitekey=\"59459b1a-3be7-476d-a4cc-71fe83e00bff\"><\/div><input type=\"text\" name=\"g-recaptcha-hidden\" class=\"wpforms-recaptcha-hidden\" style=\"position:absolute!important;clip:rect(0,0,0,0)!important;height:1px!important;width:1px!important;border:0!important;overflow:hidden!important;padding:0!important;margin:0!important;\" data-rule-hcaptcha=\"1\"><\/div><div class=\"wpforms-submit-container\" ><input type=\"hidden\" name=\"wpforms[id]\" value=\"459\"><input type=\"hidden\" name=\"page_title\" value=\"\"><input type=\"hidden\" name=\"page_url\" value=\"https:\/\/ilsa-diagnostics.com\/en\/wp-json\/wp\/v2\/pages\/797\"><button type=\"submit\" name=\"wpforms[submit]\" id=\"wpforms-submit-459\" class=\"wpforms-submit btn btn-default\" data-alt-text=\"Sending...\" data-submit-text=\"Send\" aria-live=\"assertive\" value=\"wpforms-submit\">Send<\/button><img loading=\"lazy\" decoding=\"async\" src=\"https:\/\/ilsa-diagnostics.com\/content\/plugins\/wpforms-lite\/assets\/images\/submit-spin.svg\" class=\"wpforms-submit-spinner\" style=\"display: none;\" width=\"26\" height=\"26\" alt=\"Loading\"><\/div><\/form><\/div>  <!-- .wpforms-container --><\/div>\n<\/div>\n<\/div>\n","protected":false},"excerpt":{"rendered":"","protected":false},"author":1,"featured_media":0,"parent":0,"menu_order":3,"comment_status":"closed","ping_status":"closed","template":"page-templates\/contact.php","meta":{"_acf_changed":false,"footnotes":""},"class_list":["post-797","page","type-page","status-publish","hentry"],"acf":[],"yoast_head":"<!-- This site is optimized with the Yoast SEO plugin v24.1 - https:\/\/yoast.com\/wordpress\/plugins\/seo\/ -->\n<title>Contact iLsa Diagnostics - iLsa Diagnostics<\/title>\n<meta name=\"description\" content=\"For your personalized needs for laboratory instruments, contact us thanks to the contact form underneath\" \/>\n<meta name=\"robots\" content=\"index, follow, max-snippet:-1, max-image-preview:large, max-video-preview:-1\" \/>\n<link rel=\"canonical\" href=\"https:\/\/ilsa-diagnostics.com\/en\/contact\/\" \/>\n<meta property=\"og:locale\" content=\"en_US\" \/>\n<meta property=\"og:type\" content=\"article\" \/>\n<meta property=\"og:title\" content=\"Contact iLsa Diagnostics - iLsa Diagnostics\" \/>\n<meta property=\"og:description\" content=\"For your personalized needs for laboratory instruments, contact us thanks to the contact form underneath\" \/>\n<meta property=\"og:url\" content=\"https:\/\/ilsa-diagnostics.com\/en\/contact\/\" \/>\n<meta property=\"og:site_name\" content=\"iLsa Diagnostics\" \/>\n<meta property=\"article:modified_time\" content=\"2022-09-12T12:37:08+00:00\" \/>\n<meta property=\"og:image\" content=\"https:\/\/ilsa-diagnostics.com\/content\/uploads\/2022\/05\/iStock-510487654-1024x682.jpg\" \/>\n<meta name=\"twitter:card\" content=\"summary_large_image\" \/>\n<meta name=\"twitter:label1\" content=\"Est. reading time\" \/>\n\t<meta name=\"twitter:data1\" content=\"1 minute\" \/>\n<script type=\"application\/ld+json\" class=\"yoast-schema-graph\">{\"@context\":\"https:\/\/schema.org\",\"@graph\":[{\"@type\":\"WebPage\",\"@id\":\"https:\/\/ilsa-diagnostics.com\/en\/contact\/\",\"url\":\"https:\/\/ilsa-diagnostics.com\/en\/contact\/\",\"name\":\"Contact iLsa Diagnostics - iLsa Diagnostics\",\"isPartOf\":{\"@id\":\"https:\/\/ilsa-diagnostics.com\/en\/#website\"},\"primaryImageOfPage\":{\"@id\":\"https:\/\/ilsa-diagnostics.com\/en\/contact\/#primaryimage\"},\"image\":{\"@id\":\"https:\/\/ilsa-diagnostics.com\/en\/contact\/#primaryimage\"},\"thumbnailUrl\":\"https:\/\/ilsa-diagnostics.com\/content\/uploads\/2022\/05\/iStock-510487654-1024x682.jpg\",\"datePublished\":\"2022-02-18T15:58:56+00:00\",\"dateModified\":\"2022-09-12T12:37:08+00:00\",\"description\":\"For your personalized needs for laboratory instruments, contact us thanks to the contact form underneath\",\"breadcrumb\":{\"@id\":\"https:\/\/ilsa-diagnostics.com\/en\/contact\/#breadcrumb\"},\"inLanguage\":\"en-US\",\"potentialAction\":[{\"@type\":\"ReadAction\",\"target\":[\"https:\/\/ilsa-diagnostics.com\/en\/contact\/\"]}]},{\"@type\":\"ImageObject\",\"inLanguage\":\"en-US\",\"@id\":\"https:\/\/ilsa-diagnostics.com\/en\/contact\/#primaryimage\",\"url\":\"https:\/\/ilsa-diagnostics.com\/content\/uploads\/2022\/05\/iStock-510487654-1024x682.jpg\",\"contentUrl\":\"https:\/\/ilsa-diagnostics.com\/content\/uploads\/2022\/05\/iStock-510487654-1024x682.jpg\"},{\"@type\":\"BreadcrumbList\",\"@id\":\"https:\/\/ilsa-diagnostics.com\/en\/contact\/#breadcrumb\",\"itemListElement\":[{\"@type\":\"ListItem\",\"position\":1,\"name\":\"Accueil\",\"item\":\"https:\/\/ilsa-diagnostics.com\/en\/\"},{\"@type\":\"ListItem\",\"position\":2,\"name\":\"Contact\"}]},{\"@type\":\"WebSite\",\"@id\":\"https:\/\/ilsa-diagnostics.com\/en\/#website\",\"url\":\"https:\/\/ilsa-diagnostics.com\/en\/\",\"name\":\"iLsa Diagnostics\",\"description\":\"Sp\u00e9cialiste des instruments  de laboratoire pour Cytologie  &amp; s\u00e9roth\u00e8ques\",\"publisher\":{\"@id\":\"https:\/\/ilsa-diagnostics.com\/en\/#organization\"},\"potentialAction\":[{\"@type\":\"SearchAction\",\"target\":{\"@type\":\"EntryPoint\",\"urlTemplate\":\"https:\/\/ilsa-diagnostics.com\/en\/?s={search_term_string}\"},\"query-input\":{\"@type\":\"PropertyValueSpecification\",\"valueRequired\":true,\"valueName\":\"search_term_string\"}}],\"inLanguage\":\"en-US\"},{\"@type\":\"Organization\",\"@id\":\"https:\/\/ilsa-diagnostics.com\/en\/#organization\",\"name\":\"iLsa Diagnostics\",\"url\":\"https:\/\/ilsa-diagnostics.com\/en\/\",\"logo\":{\"@type\":\"ImageObject\",\"inLanguage\":\"en-US\",\"@id\":\"https:\/\/ilsa-diagnostics.com\/en\/#\/schema\/logo\/image\/\",\"url\":\"https:\/\/ilsa-diagnostics.com\/content\/uploads\/2022\/05\/logo.svg\",\"contentUrl\":\"https:\/\/ilsa-diagnostics.com\/content\/uploads\/2022\/05\/logo.svg\",\"caption\":\"iLsa Diagnostics\"},\"image\":{\"@id\":\"https:\/\/ilsa-diagnostics.com\/en\/#\/schema\/logo\/image\/\"},\"sameAs\":[\"https:\/\/www.linkedin.com\/company\/ilsa\",\"https:\/\/www.youtube.com\/channel\/UCYpSopqXigx6gP9SgRQFLBw\"]}]}<\/script>\n<!-- \/ Yoast SEO plugin. -->","yoast_head_json":{"title":"Contact iLsa Diagnostics - iLsa Diagnostics","description":"For your personalized needs for laboratory instruments, contact us thanks to the contact form underneath","robots":{"index":"index","follow":"follow","max-snippet":"max-snippet:-1","max-image-preview":"max-image-preview:large","max-video-preview":"max-video-preview:-1"},"canonical":"https:\/\/ilsa-diagnostics.com\/en\/contact\/","og_locale":"en_US","og_type":"article","og_title":"Contact iLsa Diagnostics - iLsa Diagnostics","og_description":"For your personalized needs for laboratory instruments, contact us thanks to the contact form underneath","og_url":"https:\/\/ilsa-diagnostics.com\/en\/contact\/","og_site_name":"iLsa Diagnostics","article_modified_time":"2022-09-12T12:37:08+00:00","og_image":[{"url":"https:\/\/ilsa-diagnostics.com\/content\/uploads\/2022\/05\/iStock-510487654-1024x682.jpg","type":"","width":"","height":""}],"twitter_card":"summary_large_image","twitter_misc":{"Est. reading time":"1 minute"},"schema":{"@context":"https:\/\/schema.org","@graph":[{"@type":"WebPage","@id":"https:\/\/ilsa-diagnostics.com\/en\/contact\/","url":"https:\/\/ilsa-diagnostics.com\/en\/contact\/","name":"Contact iLsa Diagnostics - iLsa Diagnostics","isPartOf":{"@id":"https:\/\/ilsa-diagnostics.com\/en\/#website"},"primaryImageOfPage":{"@id":"https:\/\/ilsa-diagnostics.com\/en\/contact\/#primaryimage"},"image":{"@id":"https:\/\/ilsa-diagnostics.com\/en\/contact\/#primaryimage"},"thumbnailUrl":"https:\/\/ilsa-diagnostics.com\/content\/uploads\/2022\/05\/iStock-510487654-1024x682.jpg","datePublished":"2022-02-18T15:58:56+00:00","dateModified":"2022-09-12T12:37:08+00:00","description":"For your personalized needs for laboratory instruments, contact us thanks to the contact form underneath","breadcrumb":{"@id":"https:\/\/ilsa-diagnostics.com\/en\/contact\/#breadcrumb"},"inLanguage":"en-US","potentialAction":[{"@type":"ReadAction","target":["https:\/\/ilsa-diagnostics.com\/en\/contact\/"]}]},{"@type":"ImageObject","inLanguage":"en-US","@id":"https:\/\/ilsa-diagnostics.com\/en\/contact\/#primaryimage","url":"https:\/\/ilsa-diagnostics.com\/content\/uploads\/2022\/05\/iStock-510487654-1024x682.jpg","contentUrl":"https:\/\/ilsa-diagnostics.com\/content\/uploads\/2022\/05\/iStock-510487654-1024x682.jpg"},{"@type":"BreadcrumbList","@id":"https:\/\/ilsa-diagnostics.com\/en\/contact\/#breadcrumb","itemListElement":[{"@type":"ListItem","position":1,"name":"Accueil","item":"https:\/\/ilsa-diagnostics.com\/en\/"},{"@type":"ListItem","position":2,"name":"Contact"}]},{"@type":"WebSite","@id":"https:\/\/ilsa-diagnostics.com\/en\/#website","url":"https:\/\/ilsa-diagnostics.com\/en\/","name":"iLsa Diagnostics","description":"Sp\u00e9cialiste des instruments  de laboratoire pour Cytologie  &amp; s\u00e9roth\u00e8ques","publisher":{"@id":"https:\/\/ilsa-diagnostics.com\/en\/#organization"},"potentialAction":[{"@type":"SearchAction","target":{"@type":"EntryPoint","urlTemplate":"https:\/\/ilsa-diagnostics.com\/en\/?s={search_term_string}"},"query-input":{"@type":"PropertyValueSpecification","valueRequired":true,"valueName":"search_term_string"}}],"inLanguage":"en-US"},{"@type":"Organization","@id":"https:\/\/ilsa-diagnostics.com\/en\/#organization","name":"iLsa Diagnostics","url":"https:\/\/ilsa-diagnostics.com\/en\/","logo":{"@type":"ImageObject","inLanguage":"en-US","@id":"https:\/\/ilsa-diagnostics.com\/en\/#\/schema\/logo\/image\/","url":"https:\/\/ilsa-diagnostics.com\/content\/uploads\/2022\/05\/logo.svg","contentUrl":"https:\/\/ilsa-diagnostics.com\/content\/uploads\/2022\/05\/logo.svg","caption":"iLsa Diagnostics"},"image":{"@id":"https:\/\/ilsa-diagnostics.com\/en\/#\/schema\/logo\/image\/"},"sameAs":["https:\/\/www.linkedin.com\/company\/ilsa","https:\/\/www.youtube.com\/channel\/UCYpSopqXigx6gP9SgRQFLBw"]}]}},"_links":{"self":[{"href":"https:\/\/ilsa-diagnostics.com\/en\/wp-json\/wp\/v2\/pages\/797","targetHints":{"allow":["GET"]}}],"collection":[{"href":"https:\/\/ilsa-diagnostics.com\/en\/wp-json\/wp\/v2\/pages"}],"about":[{"href":"https:\/\/ilsa-diagnostics.com\/en\/wp-json\/wp\/v2\/types\/page"}],"author":[{"embeddable":true,"href":"https:\/\/ilsa-diagnostics.com\/en\/wp-json\/wp\/v2\/users\/1"}],"replies":[{"embeddable":true,"href":"https:\/\/ilsa-diagnostics.com\/en\/wp-json\/wp\/v2\/comments?post=797"}],"version-history":[{"count":0,"href":"https:\/\/ilsa-diagnostics.com\/en\/wp-json\/wp\/v2\/pages\/797\/revisions"}],"wp:attachment":[{"href":"https:\/\/ilsa-diagnostics.com\/en\/wp-json\/wp\/v2\/media?parent=797"}],"curies":[{"name":"wp","href":"https:\/\/api.w.org\/{rel}","templated":true}]}}