{"id":796,"date":"2022-05-31T10:53:18","date_gmt":"2022-05-31T08:53:18","guid":{"rendered":"https:\/\/ilsa-diagnostics.com\/sample-storage\/3s-safe-sampling-systems\/"},"modified":"2022-10-10T11:18:20","modified_gmt":"2022-10-10T09:18:20","slug":"3s-safe-sampling-systems","status":"publish","type":"page","link":"https:\/\/ilsa-diagnostics.com\/en\/sample-storage\/3s-safe-sampling-systems\/","title":{"rendered":"3S Safe Sampling Systems"},"content":{"rendered":"\n<div class=\"wp-block-group alignwide img-txt is-layout-flow wp-block-group-is-layout-flow\">\n<div class=\"wp-block-columns is-layout-flex wp-container-core-columns-is-layout-1 wp-block-columns-is-layout-flex\">\n<div class=\"wp-block-column is-layout-flow wp-block-column-is-layout-flow\" style=\"flex-basis:50%\">\n<figure class=\"wp-block-image size-full\"><img loading=\"lazy\" decoding=\"async\" width=\"1000\" height=\"667\" src=\"https:\/\/ilsa-diagnostics.com\/content\/uploads\/2022\/05\/D62_4670_DxO.png\" alt=\"\" class=\"wp-image-546\" srcset=\"https:\/\/ilsa-diagnostics.com\/content\/uploads\/2022\/05\/D62_4670_DxO.png 1000w, https:\/\/ilsa-diagnostics.com\/content\/uploads\/2022\/05\/D62_4670_DxO-300x200.png 300w, https:\/\/ilsa-diagnostics.com\/content\/uploads\/2022\/05\/D62_4670_DxO-768x512.png 768w, https:\/\/ilsa-diagnostics.com\/content\/uploads\/2022\/05\/D62_4670_DxO-320x213.png 320w\" sizes=\"auto, (max-width: 1000px) 100vw, 1000px\" \/><\/figure>\n\n\n\n<figure class=\"wp-block-image size-full\"><img loading=\"lazy\" decoding=\"async\" width=\"1000\" height=\"667\" src=\"https:\/\/ilsa-diagnostics.com\/content\/uploads\/2022\/05\/8001688_DxO.png\" alt=\"\" class=\"wp-image-545\" srcset=\"https:\/\/ilsa-diagnostics.com\/content\/uploads\/2022\/05\/8001688_DxO.png 1000w, https:\/\/ilsa-diagnostics.com\/content\/uploads\/2022\/05\/8001688_DxO-300x200.png 300w, https:\/\/ilsa-diagnostics.com\/content\/uploads\/2022\/05\/8001688_DxO-768x512.png 768w, https:\/\/ilsa-diagnostics.com\/content\/uploads\/2022\/05\/8001688_DxO-320x213.png 320w\" sizes=\"auto, (max-width: 1000px) 100vw, 1000px\" \/><\/figure>\n<\/div>\n\n\n\n<div class=\"wp-block-column is-layout-flow wp-block-column-is-layout-flow\" style=\"flex-basis:50%\">\n<h2 class=\"wp-block-heading\">Storage solution for all laboratories producing between 50 and 1,000 biological samples a day<\/h2>\n\n\n\n<p><em>Hospitals and clinical diagnosis, Biomedical analysis laboratories, Blood banks and transfusion centers, Pharmaceutical and research laboratories, Toxicology centers, Biobanks, \u2026 iLsa, the sample storage system market leader, has developed the 3S Safe Sampling Systems to :<\/em><\/p>\n\n\n\n<ul class=\"wp-block-list\"><li>Perfectly match the requirements of <strong>CERTIFICATION<\/strong><\/li><li><strong>DIVIDE BY 4<\/strong> your storage volumes<\/li><li><strong>REDUCE COSTS<\/strong> of your sample storage system<\/li><\/ul>\n\n\n\n<p>  <\/p>\n\n\n\n<h2 class=\"mt1 wp-block-heading\">The originality of the 3s system (safe sampling systems) is its patented microplate.<\/h2>\n\n\n\n<p><em>The originality of the 3s system (safe sampling systems) is its patented microplate. It is a monoblock microplate with extractible wells. The microplate is identified with a unique number printed in the factory (bar code) and each well is also identified with this same number to which is added its position on the microplate (DataMatrix). Each well has therefore its own unique identification. This original configuration simplifies your sample storage system management.<\/em><\/p>\n\n\n\n<p>The system includes :<\/p>\n\n\n\n<ul class=\"wp-block-list\"><li><strong>Several microplate<\/strong> models: 48 or 96 wells of 500 or 1000 \u00b5l<\/li><li><strong>Neo Robot<\/strong> for sample transfer from primary tube to microplate well. Neo Robot also enables tube-to-tube aliquoting.<\/li><li><strong>Neo Manager<\/strong> software for sample management (freezer configuration, expiry data management, sample traceability, etc\u2026). Your sample storage system is easy to control using a simple-to-use touch screen<\/li><li><strong>Other accessories<\/strong> to simplify your sample storage system management &#8211; label printer, bar code reader, DataMatrix reader, etc.<\/li><\/ul>\n\n\n\n<p><em>A few hours training is all that is required to train your operators. The system is controlled via a PC touch screen.<\/em><\/p>\n\n\n\n<p><em>The use of disposable and capacitive tips allows to avoid any contamination and to check the aliquoted volume. Its anti-intrusion barrier, its MTBF and its intelligent sampling make this automat a reliable and robust device.<\/em><\/p>\n\n\n\n<p><em>The management of primary tubes and microplates by barcodes and wells by DataMatrix avoid any human error.<\/em><\/p>\n\n\n\n<p><strong><em>This automated system is an essential element in obtaining your laboratory certification.<\/em><\/strong><\/p>\n<\/div>\n<\/div>\n<\/div>\n\n\n\n<div class=\"wp-block-group alignfull has-primary-background-color has-background is-layout-flow wp-block-group-is-layout-flow\">\n<div class=\"wp-block-group alignwide is-layout-flow wp-block-group-is-layout-flow\">\n<div class=\"wp-block-columns is-layout-flex wp-container-core-columns-is-layout-2 wp-block-columns-is-layout-flex\">\n<div class=\"wp-block-column is-layout-flow wp-block-column-is-layout-flow\">\n<h2 class=\"has-white-color has-text-color wp-block-heading\">How does<br>the system work ?<\/h2>\n\n\n\n<ol class=\"has-quinquenary-color has-text-color wp-block-list\"><li><strong>The primary tubes and the microplates placed in the system are identified by bar-code.<\/strong><\/li><li><strong>Neo Robot takes a disposable tip\/capacitive<\/strong> sensor for each tube, which carries out a double detection test before taking the desired sample volume.<\/li><li>The sample is then <strong>placed in the microplate well<\/strong>.<\/li><li>Once all tubes have been aliquoted, the microplate wells are closed. <strong>This microplate is then ready for storage in your freezer<\/strong>, once it has been configured in Neo Manager.<\/li><\/ol>\n\n\n\n<p class=\"has-quinquenary-color has-text-color\"><strong>Neo Robot is a pre\/post analysis automat. It can therefore be integrated at any stage in your total chain. It is connected to LIS\/LIMS.<\/strong><\/p>\n<\/div>\n\n\n\n<div class=\"wp-block-column is-layout-flow wp-block-column-is-layout-flow\">\n<figure class=\"wp-block-embed is-type-video is-provider-youtube wp-block-embed-youtube wp-embed-aspect-16-9 wp-has-aspect-ratio\"><div class=\"wp-block-embed__wrapper\">\n<iframe loading=\"lazy\" title=\"Vid+\u00aeos NEO GB\" width=\"500\" height=\"281\" src=\"https:\/\/www.youtube.com\/embed\/Iu7e688RjWw?feature=oembed\" frameborder=\"0\" allow=\"accelerometer; autoplay; clipboard-write; encrypted-media; gyroscope; picture-in-picture; web-share\" referrerpolicy=\"strict-origin-when-cross-origin\" allowfullscreen><\/iframe>\n<\/div><\/figure>\n<\/div>\n<\/div>\n<\/div>\n<\/div>\n\n\n\n<div class=\"wp-block-group alignwide is-layout-flow wp-block-group-is-layout-flow\">\n<div class=\"wp-block-columns are-vertically-aligned-center is-layout-flex wp-container-core-columns-is-layout-3 wp-block-columns-is-layout-flex\">\n<div class=\"wp-block-column is-vertically-aligned-center is-layout-flow wp-block-column-is-layout-flow\">\n<h2 class=\"wp-block-heading\">Major advantages<\/h2>\n\n\n\n<ul class=\"wp-block-list\"><li>Space savings in freezer<\/li><li>Space savings due to SBS microplate format<\/li><li>Full traceability throughout sample life<\/li><li>Simple and easy to use<\/li><li>Compatible with standard LIS\/LIMS<\/li><li>No contamination due to use of disposable tips<\/li><li>Controlled\/secure sample identification<\/li><li>Automatic storage\/backup<\/li><li>Real-time distribution monitoring<\/li><li>100% designed and manufactured in France<\/li><\/ul>\n<\/div>\n\n\n\n<div class=\"wp-block-column is-vertically-aligned-center is-layout-flow wp-block-column-is-layout-flow\">\n<figure class=\"wp-block-table\"><table><tbody><tr><td><strong>Weight<\/strong><\/td><td>75 kgs<\/td><\/tr><tr><td><strong>Sizes<\/strong><\/td><td>Length : 114 cm, Width : 90 cm, Height : 98 cm<\/td><\/tr><tr><td><strong>Capacity<\/strong><\/td><td>196 tubes, 4 microplates<\/td><\/tr><tr><td><strong>Input<\/strong><\/td><td>3 sockets : 2 USB and 1 RJ45 ; 150 Watts<\/td><\/tr><tr><td><strong>Mark<\/strong><\/td><td>CE<\/td><\/tr><tr><td><strong>HMI<\/strong><\/td><td>PC with 23 inch touch screen<\/td><\/tr><\/tbody><\/table><\/figure>\n<\/div>\n<\/div>\n<\/div>\n\n\n\n<div class=\"wp-block-group alignfull has-primary-background-color has-background is-layout-flow wp-block-group-is-layout-flow\">\n<div class=\"wp-block-group alignwide is-layout-flow wp-block-group-is-layout-flow\">\n<div class=\"wp-block-columns is-layout-flex wp-container-core-columns-is-layout-4 wp-block-columns-is-layout-flex\">\n<div class=\"wp-block-column is-layout-flow wp-block-column-is-layout-flow\">\n<div class=\"wp-block-buttons is-content-justification-center is-layout-flex wp-container-core-buttons-is-layout-1 wp-block-buttons-is-layout-flex\"><div class=\"wp-block-button is-style-btn-light-outlined\"><a class=\"wp-block-button__link\" href=\"https:\/\/ilsa-diagnostics.com\/content\/uploads\/2022\/10\/neo-en.pdf\" target=\"_blank\" rel=\"noreferrer noopener\"><span>See the brochure<\/span><\/a><\/div>\n<\/div>\n<\/div>\n<\/div>\n<\/div>\n<\/div>\n\n\n\n<div class=\"wp-block-group alignfull has-quaternary-background-color has-background is-layout-flow wp-block-group-is-layout-flow\">\n<div class=\"wp-block-group is-layout-flow wp-block-group-is-layout-flow\">\n<p class=\"has-text-align-center has-medium-font-size\"><em><strong>iLsa designs and manufactures instruments and consumables (100% French). iLsa keeps in stock on its site in Besan\u00e7on all the parts necessary to repair your device within 48 hours.<\/strong><\/em><\/p>\n\n\n\n<p class=\"has-text-align-center has-medium-font-size\"><em><strong>Your technician can directly contact our Hotline service technicians for online troubleshooting or to make an appointment at your location.<\/strong><\/em><\/p>\n<\/div>\n<\/div>\n","protected":false},"excerpt":{"rendered":"<p>Storage solution for all laboratories producing between 50 and 1,000 biological samples a day Hospitals and clinical diagnosis, Biomedical analysis laboratories, Blood banks and transfusion centers, Pharmaceutical and research laboratories, Toxicology centers, Biobanks, \u2026 iLsa, the sample storage system market leader, has developed the 3S Safe Sampling Systems to : Perfectly match the requirements of [&hellip;]<\/p>\n","protected":false},"author":1,"featured_media":0,"parent":795,"menu_order":0,"comment_status":"closed","ping_status":"closed","template":"","meta":{"_acf_changed":false,"footnotes":""},"class_list":["post-796","page","type-page","status-publish","hentry"],"acf":[],"yoast_head":"<!-- This site is optimized with the Yoast SEO plugin v24.1 - https:\/\/yoast.com\/wordpress\/plugins\/seo\/ -->\n<title>3S Safe Sampling Systems, solution for your sample storage management - iLsa Diagnostics<\/title>\n<meta name=\"description\" content=\"Gr\u00e2ce \u00e0 sa microplaque brevet\u00e9e, le 3S Sampling System simplifie la gestion de votre s\u00e9roth\u00e8que gr\u00e2ce \u00e0 l&#039;identification des puits.\" \/>\n<meta name=\"robots\" content=\"index, follow, max-snippet:-1, max-image-preview:large, max-video-preview:-1\" \/>\n<link rel=\"canonical\" href=\"https:\/\/ilsa-diagnostics.com\/en\/sample-storage\/3s-safe-sampling-systems\/\" \/>\n<meta property=\"og:locale\" content=\"en_US\" \/>\n<meta property=\"og:type\" content=\"article\" \/>\n<meta property=\"og:title\" content=\"3S Safe Sampling Systems, solution for your sample storage management - iLsa Diagnostics\" \/>\n<meta property=\"og:description\" content=\"Gr\u00e2ce \u00e0 sa microplaque brevet\u00e9e, le 3S Sampling System simplifie la gestion de votre s\u00e9roth\u00e8que gr\u00e2ce \u00e0 l&#039;identification des puits.\" \/>\n<meta property=\"og:url\" content=\"https:\/\/ilsa-diagnostics.com\/en\/sample-storage\/3s-safe-sampling-systems\/\" \/>\n<meta property=\"og:site_name\" content=\"iLsa Diagnostics\" \/>\n<meta property=\"article:modified_time\" content=\"2022-10-10T09:18:20+00:00\" \/>\n<meta property=\"og:image\" content=\"https:\/\/ilsa-diagnostics.com\/content\/uploads\/2022\/05\/D62_4670_DxO.png\" \/>\n<meta name=\"twitter:card\" content=\"summary_large_image\" \/>\n<meta name=\"twitter:label1\" content=\"Est. reading time\" \/>\n\t<meta name=\"twitter:data1\" content=\"4 minutes\" \/>\n<script type=\"application\/ld+json\" class=\"yoast-schema-graph\">{\"@context\":\"https:\/\/schema.org\",\"@graph\":[{\"@type\":\"WebPage\",\"@id\":\"https:\/\/ilsa-diagnostics.com\/en\/sample-storage\/3s-safe-sampling-systems\/\",\"url\":\"https:\/\/ilsa-diagnostics.com\/en\/sample-storage\/3s-safe-sampling-systems\/\",\"name\":\"3S Safe Sampling Systems, solution for your sample storage management - iLsa Diagnostics\",\"isPartOf\":{\"@id\":\"https:\/\/ilsa-diagnostics.com\/en\/#website\"},\"primaryImageOfPage\":{\"@id\":\"https:\/\/ilsa-diagnostics.com\/en\/sample-storage\/3s-safe-sampling-systems\/#primaryimage\"},\"image\":{\"@id\":\"https:\/\/ilsa-diagnostics.com\/en\/sample-storage\/3s-safe-sampling-systems\/#primaryimage\"},\"thumbnailUrl\":\"https:\/\/ilsa-diagnostics.com\/content\/uploads\/2022\/05\/D62_4670_DxO.png\",\"datePublished\":\"2022-05-31T08:53:18+00:00\",\"dateModified\":\"2022-10-10T09:18:20+00:00\",\"description\":\"Gr\u00e2ce \u00e0 sa microplaque brevet\u00e9e, le 3S Sampling System simplifie la gestion de votre s\u00e9roth\u00e8que gr\u00e2ce \u00e0 l'identification des puits.\",\"breadcrumb\":{\"@id\":\"https:\/\/ilsa-diagnostics.com\/en\/sample-storage\/3s-safe-sampling-systems\/#breadcrumb\"},\"inLanguage\":\"en-US\",\"potentialAction\":[{\"@type\":\"ReadAction\",\"target\":[\"https:\/\/ilsa-diagnostics.com\/en\/sample-storage\/3s-safe-sampling-systems\/\"]}]},{\"@type\":\"ImageObject\",\"inLanguage\":\"en-US\",\"@id\":\"https:\/\/ilsa-diagnostics.com\/en\/sample-storage\/3s-safe-sampling-systems\/#primaryimage\",\"url\":\"https:\/\/ilsa-diagnostics.com\/content\/uploads\/2022\/05\/D62_4670_DxO.png\",\"contentUrl\":\"https:\/\/ilsa-diagnostics.com\/content\/uploads\/2022\/05\/D62_4670_DxO.png\"},{\"@type\":\"BreadcrumbList\",\"@id\":\"https:\/\/ilsa-diagnostics.com\/en\/sample-storage\/3s-safe-sampling-systems\/#breadcrumb\",\"itemListElement\":[{\"@type\":\"ListItem\",\"position\":1,\"name\":\"Accueil\",\"item\":\"https:\/\/ilsa-diagnostics.com\/en\/\"},{\"@type\":\"ListItem\",\"position\":2,\"name\":\"Sample Storage\",\"item\":\"https:\/\/ilsa-diagnostics.com\/en\/sample-storage\/\"},{\"@type\":\"ListItem\",\"position\":3,\"name\":\"3S Safe Sampling Systems\"}]},{\"@type\":\"WebSite\",\"@id\":\"https:\/\/ilsa-diagnostics.com\/en\/#website\",\"url\":\"https:\/\/ilsa-diagnostics.com\/en\/\",\"name\":\"iLsa Diagnostics\",\"description\":\"Sp\u00e9cialiste des instruments  de laboratoire pour Cytologie  &amp; s\u00e9roth\u00e8ques\",\"publisher\":{\"@id\":\"https:\/\/ilsa-diagnostics.com\/en\/#organization\"},\"potentialAction\":[{\"@type\":\"SearchAction\",\"target\":{\"@type\":\"EntryPoint\",\"urlTemplate\":\"https:\/\/ilsa-diagnostics.com\/en\/?s={search_term_string}\"},\"query-input\":{\"@type\":\"PropertyValueSpecification\",\"valueRequired\":true,\"valueName\":\"search_term_string\"}}],\"inLanguage\":\"en-US\"},{\"@type\":\"Organization\",\"@id\":\"https:\/\/ilsa-diagnostics.com\/en\/#organization\",\"name\":\"iLsa Diagnostics\",\"url\":\"https:\/\/ilsa-diagnostics.com\/en\/\",\"logo\":{\"@type\":\"ImageObject\",\"inLanguage\":\"en-US\",\"@id\":\"https:\/\/ilsa-diagnostics.com\/en\/#\/schema\/logo\/image\/\",\"url\":\"https:\/\/ilsa-diagnostics.com\/content\/uploads\/2022\/05\/logo.svg\",\"contentUrl\":\"https:\/\/ilsa-diagnostics.com\/content\/uploads\/2022\/05\/logo.svg\",\"caption\":\"iLsa Diagnostics\"},\"image\":{\"@id\":\"https:\/\/ilsa-diagnostics.com\/en\/#\/schema\/logo\/image\/\"},\"sameAs\":[\"https:\/\/www.linkedin.com\/company\/ilsa\",\"https:\/\/www.youtube.com\/channel\/UCYpSopqXigx6gP9SgRQFLBw\"]}]}<\/script>\n<!-- \/ Yoast SEO plugin. -->","yoast_head_json":{"title":"3S Safe Sampling Systems, solution for your sample storage management - iLsa Diagnostics","description":"Gr\u00e2ce \u00e0 sa microplaque brevet\u00e9e, le 3S Sampling System simplifie la gestion de votre s\u00e9roth\u00e8que gr\u00e2ce \u00e0 l'identification des puits.","robots":{"index":"index","follow":"follow","max-snippet":"max-snippet:-1","max-image-preview":"max-image-preview:large","max-video-preview":"max-video-preview:-1"},"canonical":"https:\/\/ilsa-diagnostics.com\/en\/sample-storage\/3s-safe-sampling-systems\/","og_locale":"en_US","og_type":"article","og_title":"3S Safe Sampling Systems, solution for your sample storage management - iLsa Diagnostics","og_description":"Gr\u00e2ce \u00e0 sa microplaque brevet\u00e9e, le 3S Sampling System simplifie la gestion de votre s\u00e9roth\u00e8que gr\u00e2ce \u00e0 l'identification des puits.","og_url":"https:\/\/ilsa-diagnostics.com\/en\/sample-storage\/3s-safe-sampling-systems\/","og_site_name":"iLsa Diagnostics","article_modified_time":"2022-10-10T09:18:20+00:00","og_image":[{"url":"https:\/\/ilsa-diagnostics.com\/content\/uploads\/2022\/05\/D62_4670_DxO.png","type":"","width":"","height":""}],"twitter_card":"summary_large_image","twitter_misc":{"Est. reading time":"4 minutes"},"schema":{"@context":"https:\/\/schema.org","@graph":[{"@type":"WebPage","@id":"https:\/\/ilsa-diagnostics.com\/en\/sample-storage\/3s-safe-sampling-systems\/","url":"https:\/\/ilsa-diagnostics.com\/en\/sample-storage\/3s-safe-sampling-systems\/","name":"3S Safe Sampling Systems, solution for your sample storage management - iLsa Diagnostics","isPartOf":{"@id":"https:\/\/ilsa-diagnostics.com\/en\/#website"},"primaryImageOfPage":{"@id":"https:\/\/ilsa-diagnostics.com\/en\/sample-storage\/3s-safe-sampling-systems\/#primaryimage"},"image":{"@id":"https:\/\/ilsa-diagnostics.com\/en\/sample-storage\/3s-safe-sampling-systems\/#primaryimage"},"thumbnailUrl":"https:\/\/ilsa-diagnostics.com\/content\/uploads\/2022\/05\/D62_4670_DxO.png","datePublished":"2022-05-31T08:53:18+00:00","dateModified":"2022-10-10T09:18:20+00:00","description":"Gr\u00e2ce \u00e0 sa microplaque brevet\u00e9e, le 3S Sampling System simplifie la gestion de votre s\u00e9roth\u00e8que gr\u00e2ce \u00e0 l'identification des puits.","breadcrumb":{"@id":"https:\/\/ilsa-diagnostics.com\/en\/sample-storage\/3s-safe-sampling-systems\/#breadcrumb"},"inLanguage":"en-US","potentialAction":[{"@type":"ReadAction","target":["https:\/\/ilsa-diagnostics.com\/en\/sample-storage\/3s-safe-sampling-systems\/"]}]},{"@type":"ImageObject","inLanguage":"en-US","@id":"https:\/\/ilsa-diagnostics.com\/en\/sample-storage\/3s-safe-sampling-systems\/#primaryimage","url":"https:\/\/ilsa-diagnostics.com\/content\/uploads\/2022\/05\/D62_4670_DxO.png","contentUrl":"https:\/\/ilsa-diagnostics.com\/content\/uploads\/2022\/05\/D62_4670_DxO.png"},{"@type":"BreadcrumbList","@id":"https:\/\/ilsa-diagnostics.com\/en\/sample-storage\/3s-safe-sampling-systems\/#breadcrumb","itemListElement":[{"@type":"ListItem","position":1,"name":"Accueil","item":"https:\/\/ilsa-diagnostics.com\/en\/"},{"@type":"ListItem","position":2,"name":"Sample Storage","item":"https:\/\/ilsa-diagnostics.com\/en\/sample-storage\/"},{"@type":"ListItem","position":3,"name":"3S Safe Sampling Systems"}]},{"@type":"WebSite","@id":"https:\/\/ilsa-diagnostics.com\/en\/#website","url":"https:\/\/ilsa-diagnostics.com\/en\/","name":"iLsa Diagnostics","description":"Sp\u00e9cialiste des instruments  de laboratoire pour Cytologie  &amp; s\u00e9roth\u00e8ques","publisher":{"@id":"https:\/\/ilsa-diagnostics.com\/en\/#organization"},"potentialAction":[{"@type":"SearchAction","target":{"@type":"EntryPoint","urlTemplate":"https:\/\/ilsa-diagnostics.com\/en\/?s={search_term_string}"},"query-input":{"@type":"PropertyValueSpecification","valueRequired":true,"valueName":"search_term_string"}}],"inLanguage":"en-US"},{"@type":"Organization","@id":"https:\/\/ilsa-diagnostics.com\/en\/#organization","name":"iLsa Diagnostics","url":"https:\/\/ilsa-diagnostics.com\/en\/","logo":{"@type":"ImageObject","inLanguage":"en-US","@id":"https:\/\/ilsa-diagnostics.com\/en\/#\/schema\/logo\/image\/","url":"https:\/\/ilsa-diagnostics.com\/content\/uploads\/2022\/05\/logo.svg","contentUrl":"https:\/\/ilsa-diagnostics.com\/content\/uploads\/2022\/05\/logo.svg","caption":"iLsa Diagnostics"},"image":{"@id":"https:\/\/ilsa-diagnostics.com\/en\/#\/schema\/logo\/image\/"},"sameAs":["https:\/\/www.linkedin.com\/company\/ilsa","https:\/\/www.youtube.com\/channel\/UCYpSopqXigx6gP9SgRQFLBw"]}]}},"_links":{"self":[{"href":"https:\/\/ilsa-diagnostics.com\/en\/wp-json\/wp\/v2\/pages\/796","targetHints":{"allow":["GET"]}}],"collection":[{"href":"https:\/\/ilsa-diagnostics.com\/en\/wp-json\/wp\/v2\/pages"}],"about":[{"href":"https:\/\/ilsa-diagnostics.com\/en\/wp-json\/wp\/v2\/types\/page"}],"author":[{"embeddable":true,"href":"https:\/\/ilsa-diagnostics.com\/en\/wp-json\/wp\/v2\/users\/1"}],"replies":[{"embeddable":true,"href":"https:\/\/ilsa-diagnostics.com\/en\/wp-json\/wp\/v2\/comments?post=796"}],"version-history":[{"count":0,"href":"https:\/\/ilsa-diagnostics.com\/en\/wp-json\/wp\/v2\/pages\/796\/revisions"}],"up":[{"embeddable":true,"href":"https:\/\/ilsa-diagnostics.com\/en\/wp-json\/wp\/v2\/pages\/795"}],"wp:attachment":[{"href":"https:\/\/ilsa-diagnostics.com\/en\/wp-json\/wp\/v2\/media?parent=796"}],"curies":[{"name":"wp","href":"https:\/\/api.w.org\/{rel}","templated":true}]}}