{"id":794,"date":"2022-05-31T10:51:50","date_gmt":"2022-05-31T08:51:50","guid":{"rendered":"https:\/\/ilsa-diagnostics.com\/cytology\/idc-shaker\/"},"modified":"2022-10-10T09:51:27","modified_gmt":"2022-10-10T07:51:27","slug":"idc-shaker","status":"publish","type":"page","link":"https:\/\/ilsa-diagnostics.com\/en\/cytology\/idc-shaker\/","title":{"rendered":"IDC Shaker"},"content":{"rendered":"\n<div class=\"wp-block-group alignwide is-layout-flow wp-block-group-is-layout-flow\">\n<div class=\"wp-block-columns are-vertically-aligned-center is-layout-flex wp-container-core-columns-is-layout-1 wp-block-columns-is-layout-flex\">\n<div class=\"wp-block-column is-vertically-aligned-center is-layout-flow wp-block-column-is-layout-flow\">\n<figure class=\"wp-block-image size-full\"><img loading=\"lazy\" decoding=\"async\" width=\"655\" height=\"588\" src=\"https:\/\/ilsa-diagnostics.com\/content\/uploads\/2022\/05\/8001584_DxO-1.png\" alt=\"\" class=\"wp-image-553\" srcset=\"https:\/\/ilsa-diagnostics.com\/content\/uploads\/2022\/05\/8001584_DxO-1.png 655w, https:\/\/ilsa-diagnostics.com\/content\/uploads\/2022\/05\/8001584_DxO-1-300x269.png 300w, https:\/\/ilsa-diagnostics.com\/content\/uploads\/2022\/05\/8001584_DxO-1-320x287.png 320w\" sizes=\"auto, (max-width: 655px) 100vw, 655px\" \/><\/figure>\n<\/div>\n\n\n\n<div class=\"wp-block-column is-vertically-aligned-center is-layout-flow wp-block-column-is-layout-flow\">\n<h2 class=\"wp-block-heading\">idc shaker is the solution for shaking sample bottles<\/h2>\n\n\n\n<p><em>Shaker for specimen bottles to separate cells clusters and dissolve mucus, sources of defects of spreading by a vertical agitation.<\/em><\/p>\n\n\n\n<p><em>Compact device with opening by the top. The iDC shaker can shake 40 specimen bottles simultaneously. Two trays are available for specimen bottles of diameters 26 and 36 mm.<\/em><\/p>\n\n\n\n<p><strong>\u2022<\/strong><strong><em>Very effective<\/em><\/strong><em>to obtain a homogeneous and fluid smear<\/em><\/p>\n\n\n\n<p><strong>\u2022 <\/strong><strong><em>Easy to use :<\/em><\/strong><em> one single button to start shaking\u2026. That\u2019s it <\/em><\/p>\n\n\n\n<p><strong>\u2022 <\/strong><strong><em>Fast : <\/em><\/strong><em>only 2 minutes of shaking<\/em><\/p>\n\n\n\n<p><strong>\u2022 <\/strong><strong><em>Adaptable<\/em><\/strong><em> to various size of specimen bottles<\/em><\/p>\n<\/div>\n<\/div>\n<\/div>\n\n\n\n<div class=\"wp-block-group alignfull has-primary-background-color has-background is-layout-flow wp-block-group-is-layout-flow\">\n<div class=\"wp-block-group alignwide is-layout-flow wp-block-group-is-layout-flow\">\n<div class=\"wp-block-columns are-vertically-aligned-center is-layout-flex wp-container-core-columns-is-layout-2 wp-block-columns-is-layout-flex\">\n<div class=\"wp-block-column is-vertically-aligned-center is-layout-flow wp-block-column-is-layout-flow\">\n<div class=\"wp-block-buttons is-content-justification-center is-layout-flex wp-container-core-buttons-is-layout-1 wp-block-buttons-is-layout-flex\"><div class=\"wp-block-button is-style-btn-light-outlined\"><a class=\"wp-block-button__link\" href=\"https:\/\/ilsa-diagnostics.com\/content\/uploads\/2022\/06\/Doc-iDC-Shaker-FR.pdf\" target=\"_blank\" rel=\"noreferrer noopener\"><span>SEE the brochure<\/span><\/a><\/div>\n<\/div>\n<\/div>\n<\/div>\n<\/div>\n<\/div>\n\n\n\n<div class=\"wp-block-group alignfull is-layout-flow wp-block-group-is-layout-flow\">\n<div class=\"wp-block-group alignwide is-layout-flow wp-block-group-is-layout-flow\">\n<div class=\"wp-block-columns are-vertically-aligned-top is-layout-flex wp-container-core-columns-is-layout-3 wp-block-columns-is-layout-flex\">\n<div class=\"wp-block-column is-vertically-aligned-top is-layout-flow wp-block-column-is-layout-flow\">\n<h2 class=\"wp-block-heading\">Specifications :<\/h2>\n<\/div>\n\n\n\n<div class=\"wp-block-column is-vertically-aligned-top is-layout-flow wp-block-column-is-layout-flow\">\n<figure class=\"wp-block-table\"><table><tbody><tr><td><strong>Weight<\/strong><\/td><td>45 kgs<\/td><\/tr><tr><td><strong>Sizes<\/strong><\/td><td>LxDxH : 38 cm x 44 cm x 34 cm<\/td><\/tr><tr><td><strong>Capacity<\/strong><\/td><td>40 specimen bottles<\/td><\/tr><tr><td><strong>Type of bottles<\/strong><\/td><td>depending on trays, available diameters 26 and 36 mm<\/td><\/tr><tr><td><strong>Mark<\/strong><\/td><td>CE<\/td><\/tr><\/tbody><\/table><\/figure>\n<\/div>\n<\/div>\n<\/div>\n<\/div>\n\n\n\n<div class=\"wp-block-group alignfull has-quaternary-background-color has-background is-layout-flow wp-block-group-is-layout-flow\">\n<div class=\"wp-block-group is-layout-flow wp-block-group-is-layout-flow\">\n<p class=\"has-text-align-center has-medium-font-size\"><em><strong>iLsa designs and manufactures instruments and consumables (100% French). iLsa keeps in stock on its site in Besan\u00e7on all the parts necessary to repair your device within 48 hours.<\/strong><\/em><\/p>\n\n\n\n<p class=\"has-text-align-center has-medium-font-size\"><em><strong>Your technician can directly contact our Hotline service technicians for online troubleshooting or to make an appointment at your location.<\/strong><\/em><\/p>\n<\/div>\n<\/div>\n","protected":false},"excerpt":{"rendered":"<p>idc shaker is the solution for shaking sample bottles Shaker for specimen bottles to separate cells clusters and dissolve mucus, sources of defects of spreading by a vertical agitation. Compact device with opening by the top. The iDC shaker can shake 40 specimen bottles simultaneously. Two trays are available for specimen bottles of diameters 26 [&hellip;]<\/p>\n","protected":false},"author":1,"featured_media":735,"parent":788,"menu_order":3,"comment_status":"closed","ping_status":"closed","template":"","meta":{"_acf_changed":false,"footnotes":""},"class_list":["post-794","page","type-page","status-publish","has-post-thumbnail","hentry"],"acf":[],"yoast_head":"<!-- This site is optimized with the Yoast SEO plugin v24.1 - https:\/\/yoast.com\/wordpress\/plugins\/seo\/ -->\n<title>IDC Shaker, the solution for shaking sample bottles - iLsa Diagnostics<\/title>\n<meta name=\"description\" content=\"IDC Shaker is the solution for shaking sample bottles\" \/>\n<meta name=\"robots\" content=\"index, follow, max-snippet:-1, max-image-preview:large, max-video-preview:-1\" \/>\n<link rel=\"canonical\" href=\"https:\/\/ilsa-diagnostics.com\/en\/cytology\/idc-shaker\/\" \/>\n<meta property=\"og:locale\" content=\"en_US\" \/>\n<meta property=\"og:type\" content=\"article\" \/>\n<meta property=\"og:title\" content=\"IDC Shaker, the solution for shaking sample bottles - iLsa Diagnostics\" \/>\n<meta property=\"og:description\" content=\"IDC Shaker is the solution for shaking sample bottles\" \/>\n<meta property=\"og:url\" content=\"https:\/\/ilsa-diagnostics.com\/en\/cytology\/idc-shaker\/\" \/>\n<meta property=\"og:site_name\" content=\"iLsa Diagnostics\" \/>\n<meta property=\"article:modified_time\" content=\"2022-10-10T07:51:27+00:00\" \/>\n<meta property=\"og:image\" content=\"https:\/\/ilsa-diagnostics.com\/content\/uploads\/2022\/05\/8001584_DxO.png\" \/>\n\t<meta property=\"og:image:width\" content=\"1000\" \/>\n\t<meta property=\"og:image:height\" content=\"667\" \/>\n\t<meta property=\"og:image:type\" content=\"image\/png\" \/>\n<meta name=\"twitter:card\" content=\"summary_large_image\" \/>\n<meta name=\"twitter:label1\" content=\"Est. reading time\" \/>\n\t<meta name=\"twitter:data1\" content=\"1 minute\" \/>\n<script type=\"application\/ld+json\" class=\"yoast-schema-graph\">{\"@context\":\"https:\/\/schema.org\",\"@graph\":[{\"@type\":\"WebPage\",\"@id\":\"https:\/\/ilsa-diagnostics.com\/en\/cytology\/idc-shaker\/\",\"url\":\"https:\/\/ilsa-diagnostics.com\/en\/cytology\/idc-shaker\/\",\"name\":\"IDC Shaker, the solution for shaking sample bottles - iLsa Diagnostics\",\"isPartOf\":{\"@id\":\"https:\/\/ilsa-diagnostics.com\/en\/#website\"},\"primaryImageOfPage\":{\"@id\":\"https:\/\/ilsa-diagnostics.com\/en\/cytology\/idc-shaker\/#primaryimage\"},\"image\":{\"@id\":\"https:\/\/ilsa-diagnostics.com\/en\/cytology\/idc-shaker\/#primaryimage\"},\"thumbnailUrl\":\"https:\/\/ilsa-diagnostics.com\/content\/uploads\/2022\/05\/8001584_DxO.png\",\"datePublished\":\"2022-05-31T08:51:50+00:00\",\"dateModified\":\"2022-10-10T07:51:27+00:00\",\"description\":\"IDC Shaker is the solution for shaking sample bottles\",\"breadcrumb\":{\"@id\":\"https:\/\/ilsa-diagnostics.com\/en\/cytology\/idc-shaker\/#breadcrumb\"},\"inLanguage\":\"en-US\",\"potentialAction\":[{\"@type\":\"ReadAction\",\"target\":[\"https:\/\/ilsa-diagnostics.com\/en\/cytology\/idc-shaker\/\"]}]},{\"@type\":\"ImageObject\",\"inLanguage\":\"en-US\",\"@id\":\"https:\/\/ilsa-diagnostics.com\/en\/cytology\/idc-shaker\/#primaryimage\",\"url\":\"https:\/\/ilsa-diagnostics.com\/content\/uploads\/2022\/05\/8001584_DxO.png\",\"contentUrl\":\"https:\/\/ilsa-diagnostics.com\/content\/uploads\/2022\/05\/8001584_DxO.png\",\"width\":1000,\"height\":667},{\"@type\":\"BreadcrumbList\",\"@id\":\"https:\/\/ilsa-diagnostics.com\/en\/cytology\/idc-shaker\/#breadcrumb\",\"itemListElement\":[{\"@type\":\"ListItem\",\"position\":1,\"name\":\"Accueil\",\"item\":\"https:\/\/ilsa-diagnostics.com\/en\/\"},{\"@type\":\"ListItem\",\"position\":2,\"name\":\"Cytology\",\"item\":\"https:\/\/ilsa-diagnostics.com\/en\/cytology\/\"},{\"@type\":\"ListItem\",\"position\":3,\"name\":\"IDC Shaker\"}]},{\"@type\":\"WebSite\",\"@id\":\"https:\/\/ilsa-diagnostics.com\/en\/#website\",\"url\":\"https:\/\/ilsa-diagnostics.com\/en\/\",\"name\":\"iLsa Diagnostics\",\"description\":\"Sp\u00e9cialiste des instruments  de laboratoire pour Cytologie  &amp; s\u00e9roth\u00e8ques\",\"publisher\":{\"@id\":\"https:\/\/ilsa-diagnostics.com\/en\/#organization\"},\"potentialAction\":[{\"@type\":\"SearchAction\",\"target\":{\"@type\":\"EntryPoint\",\"urlTemplate\":\"https:\/\/ilsa-diagnostics.com\/en\/?s={search_term_string}\"},\"query-input\":{\"@type\":\"PropertyValueSpecification\",\"valueRequired\":true,\"valueName\":\"search_term_string\"}}],\"inLanguage\":\"en-US\"},{\"@type\":\"Organization\",\"@id\":\"https:\/\/ilsa-diagnostics.com\/en\/#organization\",\"name\":\"iLsa Diagnostics\",\"url\":\"https:\/\/ilsa-diagnostics.com\/en\/\",\"logo\":{\"@type\":\"ImageObject\",\"inLanguage\":\"en-US\",\"@id\":\"https:\/\/ilsa-diagnostics.com\/en\/#\/schema\/logo\/image\/\",\"url\":\"https:\/\/ilsa-diagnostics.com\/content\/uploads\/2022\/05\/logo.svg\",\"contentUrl\":\"https:\/\/ilsa-diagnostics.com\/content\/uploads\/2022\/05\/logo.svg\",\"caption\":\"iLsa Diagnostics\"},\"image\":{\"@id\":\"https:\/\/ilsa-diagnostics.com\/en\/#\/schema\/logo\/image\/\"},\"sameAs\":[\"https:\/\/www.linkedin.com\/company\/ilsa\",\"https:\/\/www.youtube.com\/channel\/UCYpSopqXigx6gP9SgRQFLBw\"]}]}<\/script>\n<!-- \/ Yoast SEO plugin. -->","yoast_head_json":{"title":"IDC Shaker, the solution for shaking sample bottles - iLsa Diagnostics","description":"IDC Shaker is the solution for shaking sample bottles","robots":{"index":"index","follow":"follow","max-snippet":"max-snippet:-1","max-image-preview":"max-image-preview:large","max-video-preview":"max-video-preview:-1"},"canonical":"https:\/\/ilsa-diagnostics.com\/en\/cytology\/idc-shaker\/","og_locale":"en_US","og_type":"article","og_title":"IDC Shaker, the solution for shaking sample bottles - iLsa Diagnostics","og_description":"IDC Shaker is the solution for shaking sample bottles","og_url":"https:\/\/ilsa-diagnostics.com\/en\/cytology\/idc-shaker\/","og_site_name":"iLsa Diagnostics","article_modified_time":"2022-10-10T07:51:27+00:00","og_image":[{"width":1000,"height":667,"url":"https:\/\/ilsa-diagnostics.com\/content\/uploads\/2022\/05\/8001584_DxO.png","type":"image\/png"}],"twitter_card":"summary_large_image","twitter_misc":{"Est. reading time":"1 minute"},"schema":{"@context":"https:\/\/schema.org","@graph":[{"@type":"WebPage","@id":"https:\/\/ilsa-diagnostics.com\/en\/cytology\/idc-shaker\/","url":"https:\/\/ilsa-diagnostics.com\/en\/cytology\/idc-shaker\/","name":"IDC Shaker, the solution for shaking sample bottles - iLsa Diagnostics","isPartOf":{"@id":"https:\/\/ilsa-diagnostics.com\/en\/#website"},"primaryImageOfPage":{"@id":"https:\/\/ilsa-diagnostics.com\/en\/cytology\/idc-shaker\/#primaryimage"},"image":{"@id":"https:\/\/ilsa-diagnostics.com\/en\/cytology\/idc-shaker\/#primaryimage"},"thumbnailUrl":"https:\/\/ilsa-diagnostics.com\/content\/uploads\/2022\/05\/8001584_DxO.png","datePublished":"2022-05-31T08:51:50+00:00","dateModified":"2022-10-10T07:51:27+00:00","description":"IDC Shaker is the solution for shaking sample bottles","breadcrumb":{"@id":"https:\/\/ilsa-diagnostics.com\/en\/cytology\/idc-shaker\/#breadcrumb"},"inLanguage":"en-US","potentialAction":[{"@type":"ReadAction","target":["https:\/\/ilsa-diagnostics.com\/en\/cytology\/idc-shaker\/"]}]},{"@type":"ImageObject","inLanguage":"en-US","@id":"https:\/\/ilsa-diagnostics.com\/en\/cytology\/idc-shaker\/#primaryimage","url":"https:\/\/ilsa-diagnostics.com\/content\/uploads\/2022\/05\/8001584_DxO.png","contentUrl":"https:\/\/ilsa-diagnostics.com\/content\/uploads\/2022\/05\/8001584_DxO.png","width":1000,"height":667},{"@type":"BreadcrumbList","@id":"https:\/\/ilsa-diagnostics.com\/en\/cytology\/idc-shaker\/#breadcrumb","itemListElement":[{"@type":"ListItem","position":1,"name":"Accueil","item":"https:\/\/ilsa-diagnostics.com\/en\/"},{"@type":"ListItem","position":2,"name":"Cytology","item":"https:\/\/ilsa-diagnostics.com\/en\/cytology\/"},{"@type":"ListItem","position":3,"name":"IDC Shaker"}]},{"@type":"WebSite","@id":"https:\/\/ilsa-diagnostics.com\/en\/#website","url":"https:\/\/ilsa-diagnostics.com\/en\/","name":"iLsa Diagnostics","description":"Sp\u00e9cialiste des instruments  de laboratoire pour Cytologie  &amp; s\u00e9roth\u00e8ques","publisher":{"@id":"https:\/\/ilsa-diagnostics.com\/en\/#organization"},"potentialAction":[{"@type":"SearchAction","target":{"@type":"EntryPoint","urlTemplate":"https:\/\/ilsa-diagnostics.com\/en\/?s={search_term_string}"},"query-input":{"@type":"PropertyValueSpecification","valueRequired":true,"valueName":"search_term_string"}}],"inLanguage":"en-US"},{"@type":"Organization","@id":"https:\/\/ilsa-diagnostics.com\/en\/#organization","name":"iLsa Diagnostics","url":"https:\/\/ilsa-diagnostics.com\/en\/","logo":{"@type":"ImageObject","inLanguage":"en-US","@id":"https:\/\/ilsa-diagnostics.com\/en\/#\/schema\/logo\/image\/","url":"https:\/\/ilsa-diagnostics.com\/content\/uploads\/2022\/05\/logo.svg","contentUrl":"https:\/\/ilsa-diagnostics.com\/content\/uploads\/2022\/05\/logo.svg","caption":"iLsa Diagnostics"},"image":{"@id":"https:\/\/ilsa-diagnostics.com\/en\/#\/schema\/logo\/image\/"},"sameAs":["https:\/\/www.linkedin.com\/company\/ilsa","https:\/\/www.youtube.com\/channel\/UCYpSopqXigx6gP9SgRQFLBw"]}]}},"_links":{"self":[{"href":"https:\/\/ilsa-diagnostics.com\/en\/wp-json\/wp\/v2\/pages\/794","targetHints":{"allow":["GET"]}}],"collection":[{"href":"https:\/\/ilsa-diagnostics.com\/en\/wp-json\/wp\/v2\/pages"}],"about":[{"href":"https:\/\/ilsa-diagnostics.com\/en\/wp-json\/wp\/v2\/types\/page"}],"author":[{"embeddable":true,"href":"https:\/\/ilsa-diagnostics.com\/en\/wp-json\/wp\/v2\/users\/1"}],"replies":[{"embeddable":true,"href":"https:\/\/ilsa-diagnostics.com\/en\/wp-json\/wp\/v2\/comments?post=794"}],"version-history":[{"count":0,"href":"https:\/\/ilsa-diagnostics.com\/en\/wp-json\/wp\/v2\/pages\/794\/revisions"}],"up":[{"embeddable":true,"href":"https:\/\/ilsa-diagnostics.com\/en\/wp-json\/wp\/v2\/pages\/788"}],"wp:featuredmedia":[{"embeddable":true,"href":"https:\/\/ilsa-diagnostics.com\/en\/wp-json\/wp\/v2\/media\/735"}],"wp:attachment":[{"href":"https:\/\/ilsa-diagnostics.com\/en\/wp-json\/wp\/v2\/media?parent=794"}],"curies":[{"name":"wp","href":"https:\/\/api.w.org\/{rel}","templated":true}]}}