{"id":793,"date":"2022-05-31T10:51:36","date_gmt":"2022-05-31T08:51:36","guid":{"rendered":"https:\/\/ilsa-diagnostics.com\/cytology\/paint-cell\/"},"modified":"2022-10-10T09:50:08","modified_gmt":"2022-10-10T07:50:08","slug":"paint-cell","status":"publish","type":"page","link":"https:\/\/ilsa-diagnostics.com\/en\/cytology\/paint-cell\/","title":{"rendered":"Paint Cell"},"content":{"rendered":"\n<div class=\"wp-block-group alignwide is-layout-flow wp-block-group-is-layout-flow\">\n<div class=\"wp-block-columns are-vertically-aligned-center is-layout-flex wp-container-core-columns-is-layout-1 wp-block-columns-is-layout-flex\">\n<div class=\"wp-block-column is-vertically-aligned-center is-layout-flow wp-block-column-is-layout-flow\">\n<figure class=\"wp-block-image size-full\"><img loading=\"lazy\" decoding=\"async\" width=\"717\" height=\"496\" src=\"https:\/\/ilsa-diagnostics.com\/content\/uploads\/2022\/05\/D62_4772_DxO-1.png\" alt=\"\" class=\"wp-image-556\" srcset=\"https:\/\/ilsa-diagnostics.com\/content\/uploads\/2022\/05\/D62_4772_DxO-1.png 717w, https:\/\/ilsa-diagnostics.com\/content\/uploads\/2022\/05\/D62_4772_DxO-1-300x208.png 300w, https:\/\/ilsa-diagnostics.com\/content\/uploads\/2022\/05\/D62_4772_DxO-1-320x221.png 320w\" sizes=\"auto, (max-width: 717px) 100vw, 717px\" \/><\/figure>\n<\/div>\n\n\n\n<div class=\"wp-block-column is-vertically-aligned-center is-layout-flow wp-block-column-is-layout-flow\">\n<h2 class=\"wp-block-heading\">Automate your special staining<\/h2>\n\n\n\n<p><em>PAINT CELL is made to automate your special staining, time consuming, hand-made in your laboratory.<\/em><\/p>\n\n\n\n<p><em>The number of tanks and slides are sized to minimize cost.<\/em><\/p>\n\n\n\n<p><em>iLSA made PAINT CELL as a minimalist and constraint-free automate : open to any stains, no maintenance contract. The touch screen tablet allows you to create and easily launch your staining :<\/em><\/p>\n\n\n\n<p>1- Load slides and tanks<\/p>\n\n\n\n<p>2- Choose the staining<\/p>\n\n\n\n<p>3- Click on the &#8220;Color&#8221; button<\/p>\n\n\n\n<p><strong>That&#8217;s it !<\/strong><\/p>\n\n\n\n<p class=\"has-small-font-size\"><em>This automate is A4-sized.<\/em><\/p>\n<\/div>\n<\/div>\n<\/div>\n\n\n\n<div class=\"wp-block-group alignfull has-primary-background-color has-background is-layout-flow wp-block-group-is-layout-flow\">\n<div class=\"wp-block-group alignwide is-layout-flow wp-block-group-is-layout-flow\">\n<div class=\"wp-block-columns are-vertically-aligned-center is-layout-flex wp-container-core-columns-is-layout-2 wp-block-columns-is-layout-flex\">\n<div class=\"wp-block-column is-vertically-aligned-center is-layout-flow wp-block-column-is-layout-flow\" style=\"flex-basis:25%\"><\/div>\n\n\n\n<div class=\"wp-block-column is-vertically-aligned-center is-layout-flow wp-block-column-is-layout-flow\" style=\"flex-basis:50%\">\n<figure class=\"wp-block-embed is-type-video is-provider-youtube wp-block-embed-youtube wp-embed-aspect-16-9 wp-has-aspect-ratio\"><div class=\"wp-block-embed__wrapper\">\n<iframe loading=\"lazy\" title=\"PaintCell\" width=\"500\" height=\"281\" src=\"https:\/\/www.youtube.com\/embed\/cJJ8IyveMcQ?feature=oembed\" frameborder=\"0\" allow=\"accelerometer; autoplay; clipboard-write; encrypted-media; gyroscope; picture-in-picture; web-share\" referrerpolicy=\"strict-origin-when-cross-origin\" allowfullscreen><\/iframe>\n<\/div><\/figure>\n<\/div>\n\n\n\n<div class=\"wp-block-column is-vertically-aligned-center is-layout-flow wp-block-column-is-layout-flow\" style=\"flex-basis:25%\"><\/div>\n<\/div>\n<\/div>\n<\/div>\n\n\n\n<div class=\"wp-block-group alignfull has-primary-background-color has-background is-layout-flow wp-block-group-is-layout-flow\">\n<div class=\"wp-block-group alignwide is-layout-flow wp-block-group-is-layout-flow\">\n<div class=\"wp-block-columns is-layout-flex wp-container-core-columns-is-layout-3 wp-block-columns-is-layout-flex\">\n<div class=\"wp-block-column is-layout-flow wp-block-column-is-layout-flow\">\n<div class=\"wp-block-buttons is-content-justification-center is-layout-flex wp-container-core-buttons-is-layout-1 wp-block-buttons-is-layout-flex\"><div class=\"wp-block-button is-style-btn-light-outlined\"><a class=\"wp-block-button__link\" href=\"https:\/\/ilsa-diagnostics.com\/content\/uploads\/2022\/10\/paint-cell-en.pdf\" target=\"_blank\" rel=\"noreferrer noopener\"><span>See the brochure<\/span><\/a><\/div>\n<\/div>\n<\/div>\n<\/div>\n<\/div>\n<\/div>\n\n\n\n<div class=\"wp-block-group alignfull has-quaternary-background-color has-background is-layout-flow wp-block-group-is-layout-flow\">\n<div class=\"wp-block-group is-layout-flow wp-block-group-is-layout-flow\">\n<p class=\"has-text-align-center has-medium-font-size\"><em><strong>iLsa designs and manufactures instruments and consumables (100% French). iLsa keeps in stock on its site in Besan\u00e7on all the parts necessary to repair your device within 48 hours.<\/strong><\/em><\/p>\n\n\n\n<p class=\"has-text-align-center has-medium-font-size\"><em><strong>Your technician can directly contact our Hotline service technicians for online troubleshooting or to make an appointment at your location.<\/strong><\/em><\/p>\n<\/div>\n<\/div>\n","protected":false},"excerpt":{"rendered":"<p>Automate your special staining PAINT CELL is made to automate your special staining, time consuming, hand-made in your laboratory. The number of tanks and slides are sized to minimize cost. iLSA made PAINT CELL as a minimalist and constraint-free automate : open to any stains, no maintenance contract. The touch screen tablet allows you to [&hellip;]<\/p>\n","protected":false},"author":1,"featured_media":738,"parent":788,"menu_order":2,"comment_status":"closed","ping_status":"closed","template":"","meta":{"_acf_changed":false,"footnotes":""},"class_list":["post-793","page","type-page","status-publish","has-post-thumbnail","hentry"],"acf":[],"yoast_head":"<!-- This site is optimized with the Yoast SEO plugin v24.1 - https:\/\/yoast.com\/wordpress\/plugins\/seo\/ -->\n<title>Paint Cell, the automation for your special staining - iLsa Diagnostics<\/title>\n<meta name=\"description\" content=\"Paint Cell is made to automate your special staining operations, easily and quickly. Its small size is also an advantage !\" \/>\n<meta name=\"robots\" content=\"index, follow, max-snippet:-1, max-image-preview:large, max-video-preview:-1\" \/>\n<link rel=\"canonical\" href=\"https:\/\/ilsa-diagnostics.com\/en\/cytology\/paint-cell\/\" \/>\n<meta property=\"og:locale\" content=\"en_US\" \/>\n<meta property=\"og:type\" content=\"article\" \/>\n<meta property=\"og:title\" content=\"Paint Cell, the automation for your special staining - iLsa Diagnostics\" \/>\n<meta property=\"og:description\" content=\"Paint Cell is made to automate your special staining operations, easily and quickly. Its small size is also an advantage !\" \/>\n<meta property=\"og:url\" content=\"https:\/\/ilsa-diagnostics.com\/en\/cytology\/paint-cell\/\" \/>\n<meta property=\"og:site_name\" content=\"iLsa Diagnostics\" \/>\n<meta property=\"article:modified_time\" content=\"2022-10-10T07:50:08+00:00\" \/>\n<meta property=\"og:image\" content=\"https:\/\/ilsa-diagnostics.com\/content\/uploads\/2022\/05\/D62_4772_DxO.png\" \/>\n\t<meta property=\"og:image:width\" content=\"1000\" \/>\n\t<meta property=\"og:image:height\" content=\"668\" \/>\n\t<meta property=\"og:image:type\" content=\"image\/png\" \/>\n<meta name=\"twitter:card\" content=\"summary_large_image\" \/>\n<meta name=\"twitter:label1\" content=\"Est. reading time\" \/>\n\t<meta name=\"twitter:data1\" content=\"1 minute\" \/>\n<script type=\"application\/ld+json\" class=\"yoast-schema-graph\">{\"@context\":\"https:\/\/schema.org\",\"@graph\":[{\"@type\":\"WebPage\",\"@id\":\"https:\/\/ilsa-diagnostics.com\/en\/cytology\/paint-cell\/\",\"url\":\"https:\/\/ilsa-diagnostics.com\/en\/cytology\/paint-cell\/\",\"name\":\"Paint Cell, the automation for your special staining - iLsa Diagnostics\",\"isPartOf\":{\"@id\":\"https:\/\/ilsa-diagnostics.com\/en\/#website\"},\"primaryImageOfPage\":{\"@id\":\"https:\/\/ilsa-diagnostics.com\/en\/cytology\/paint-cell\/#primaryimage\"},\"image\":{\"@id\":\"https:\/\/ilsa-diagnostics.com\/en\/cytology\/paint-cell\/#primaryimage\"},\"thumbnailUrl\":\"https:\/\/ilsa-diagnostics.com\/content\/uploads\/2022\/05\/D62_4772_DxO.png\",\"datePublished\":\"2022-05-31T08:51:36+00:00\",\"dateModified\":\"2022-10-10T07:50:08+00:00\",\"description\":\"Paint Cell is made to automate your special staining operations, easily and quickly. Its small size is also an advantage !\",\"breadcrumb\":{\"@id\":\"https:\/\/ilsa-diagnostics.com\/en\/cytology\/paint-cell\/#breadcrumb\"},\"inLanguage\":\"en-US\",\"potentialAction\":[{\"@type\":\"ReadAction\",\"target\":[\"https:\/\/ilsa-diagnostics.com\/en\/cytology\/paint-cell\/\"]}]},{\"@type\":\"ImageObject\",\"inLanguage\":\"en-US\",\"@id\":\"https:\/\/ilsa-diagnostics.com\/en\/cytology\/paint-cell\/#primaryimage\",\"url\":\"https:\/\/ilsa-diagnostics.com\/content\/uploads\/2022\/05\/D62_4772_DxO.png\",\"contentUrl\":\"https:\/\/ilsa-diagnostics.com\/content\/uploads\/2022\/05\/D62_4772_DxO.png\",\"width\":1000,\"height\":668},{\"@type\":\"BreadcrumbList\",\"@id\":\"https:\/\/ilsa-diagnostics.com\/en\/cytology\/paint-cell\/#breadcrumb\",\"itemListElement\":[{\"@type\":\"ListItem\",\"position\":1,\"name\":\"Accueil\",\"item\":\"https:\/\/ilsa-diagnostics.com\/en\/\"},{\"@type\":\"ListItem\",\"position\":2,\"name\":\"Cytology\",\"item\":\"https:\/\/ilsa-diagnostics.com\/en\/cytology\/\"},{\"@type\":\"ListItem\",\"position\":3,\"name\":\"Paint Cell\"}]},{\"@type\":\"WebSite\",\"@id\":\"https:\/\/ilsa-diagnostics.com\/en\/#website\",\"url\":\"https:\/\/ilsa-diagnostics.com\/en\/\",\"name\":\"iLsa Diagnostics\",\"description\":\"Sp\u00e9cialiste des instruments  de laboratoire pour Cytologie  &amp; s\u00e9roth\u00e8ques\",\"publisher\":{\"@id\":\"https:\/\/ilsa-diagnostics.com\/en\/#organization\"},\"potentialAction\":[{\"@type\":\"SearchAction\",\"target\":{\"@type\":\"EntryPoint\",\"urlTemplate\":\"https:\/\/ilsa-diagnostics.com\/en\/?s={search_term_string}\"},\"query-input\":{\"@type\":\"PropertyValueSpecification\",\"valueRequired\":true,\"valueName\":\"search_term_string\"}}],\"inLanguage\":\"en-US\"},{\"@type\":\"Organization\",\"@id\":\"https:\/\/ilsa-diagnostics.com\/en\/#organization\",\"name\":\"iLsa Diagnostics\",\"url\":\"https:\/\/ilsa-diagnostics.com\/en\/\",\"logo\":{\"@type\":\"ImageObject\",\"inLanguage\":\"en-US\",\"@id\":\"https:\/\/ilsa-diagnostics.com\/en\/#\/schema\/logo\/image\/\",\"url\":\"https:\/\/ilsa-diagnostics.com\/content\/uploads\/2022\/05\/logo.svg\",\"contentUrl\":\"https:\/\/ilsa-diagnostics.com\/content\/uploads\/2022\/05\/logo.svg\",\"caption\":\"iLsa Diagnostics\"},\"image\":{\"@id\":\"https:\/\/ilsa-diagnostics.com\/en\/#\/schema\/logo\/image\/\"},\"sameAs\":[\"https:\/\/www.linkedin.com\/company\/ilsa\",\"https:\/\/www.youtube.com\/channel\/UCYpSopqXigx6gP9SgRQFLBw\"]}]}<\/script>\n<!-- \/ Yoast SEO plugin. -->","yoast_head_json":{"title":"Paint Cell, the automation for your special staining - iLsa Diagnostics","description":"Paint Cell is made to automate your special staining operations, easily and quickly. Its small size is also an advantage !","robots":{"index":"index","follow":"follow","max-snippet":"max-snippet:-1","max-image-preview":"max-image-preview:large","max-video-preview":"max-video-preview:-1"},"canonical":"https:\/\/ilsa-diagnostics.com\/en\/cytology\/paint-cell\/","og_locale":"en_US","og_type":"article","og_title":"Paint Cell, the automation for your special staining - iLsa Diagnostics","og_description":"Paint Cell is made to automate your special staining operations, easily and quickly. Its small size is also an advantage !","og_url":"https:\/\/ilsa-diagnostics.com\/en\/cytology\/paint-cell\/","og_site_name":"iLsa Diagnostics","article_modified_time":"2022-10-10T07:50:08+00:00","og_image":[{"width":1000,"height":668,"url":"https:\/\/ilsa-diagnostics.com\/content\/uploads\/2022\/05\/D62_4772_DxO.png","type":"image\/png"}],"twitter_card":"summary_large_image","twitter_misc":{"Est. reading time":"1 minute"},"schema":{"@context":"https:\/\/schema.org","@graph":[{"@type":"WebPage","@id":"https:\/\/ilsa-diagnostics.com\/en\/cytology\/paint-cell\/","url":"https:\/\/ilsa-diagnostics.com\/en\/cytology\/paint-cell\/","name":"Paint Cell, the automation for your special staining - iLsa Diagnostics","isPartOf":{"@id":"https:\/\/ilsa-diagnostics.com\/en\/#website"},"primaryImageOfPage":{"@id":"https:\/\/ilsa-diagnostics.com\/en\/cytology\/paint-cell\/#primaryimage"},"image":{"@id":"https:\/\/ilsa-diagnostics.com\/en\/cytology\/paint-cell\/#primaryimage"},"thumbnailUrl":"https:\/\/ilsa-diagnostics.com\/content\/uploads\/2022\/05\/D62_4772_DxO.png","datePublished":"2022-05-31T08:51:36+00:00","dateModified":"2022-10-10T07:50:08+00:00","description":"Paint Cell is made to automate your special staining operations, easily and quickly. Its small size is also an advantage !","breadcrumb":{"@id":"https:\/\/ilsa-diagnostics.com\/en\/cytology\/paint-cell\/#breadcrumb"},"inLanguage":"en-US","potentialAction":[{"@type":"ReadAction","target":["https:\/\/ilsa-diagnostics.com\/en\/cytology\/paint-cell\/"]}]},{"@type":"ImageObject","inLanguage":"en-US","@id":"https:\/\/ilsa-diagnostics.com\/en\/cytology\/paint-cell\/#primaryimage","url":"https:\/\/ilsa-diagnostics.com\/content\/uploads\/2022\/05\/D62_4772_DxO.png","contentUrl":"https:\/\/ilsa-diagnostics.com\/content\/uploads\/2022\/05\/D62_4772_DxO.png","width":1000,"height":668},{"@type":"BreadcrumbList","@id":"https:\/\/ilsa-diagnostics.com\/en\/cytology\/paint-cell\/#breadcrumb","itemListElement":[{"@type":"ListItem","position":1,"name":"Accueil","item":"https:\/\/ilsa-diagnostics.com\/en\/"},{"@type":"ListItem","position":2,"name":"Cytology","item":"https:\/\/ilsa-diagnostics.com\/en\/cytology\/"},{"@type":"ListItem","position":3,"name":"Paint Cell"}]},{"@type":"WebSite","@id":"https:\/\/ilsa-diagnostics.com\/en\/#website","url":"https:\/\/ilsa-diagnostics.com\/en\/","name":"iLsa Diagnostics","description":"Sp\u00e9cialiste des instruments  de laboratoire pour Cytologie  &amp; s\u00e9roth\u00e8ques","publisher":{"@id":"https:\/\/ilsa-diagnostics.com\/en\/#organization"},"potentialAction":[{"@type":"SearchAction","target":{"@type":"EntryPoint","urlTemplate":"https:\/\/ilsa-diagnostics.com\/en\/?s={search_term_string}"},"query-input":{"@type":"PropertyValueSpecification","valueRequired":true,"valueName":"search_term_string"}}],"inLanguage":"en-US"},{"@type":"Organization","@id":"https:\/\/ilsa-diagnostics.com\/en\/#organization","name":"iLsa Diagnostics","url":"https:\/\/ilsa-diagnostics.com\/en\/","logo":{"@type":"ImageObject","inLanguage":"en-US","@id":"https:\/\/ilsa-diagnostics.com\/en\/#\/schema\/logo\/image\/","url":"https:\/\/ilsa-diagnostics.com\/content\/uploads\/2022\/05\/logo.svg","contentUrl":"https:\/\/ilsa-diagnostics.com\/content\/uploads\/2022\/05\/logo.svg","caption":"iLsa Diagnostics"},"image":{"@id":"https:\/\/ilsa-diagnostics.com\/en\/#\/schema\/logo\/image\/"},"sameAs":["https:\/\/www.linkedin.com\/company\/ilsa","https:\/\/www.youtube.com\/channel\/UCYpSopqXigx6gP9SgRQFLBw"]}]}},"_links":{"self":[{"href":"https:\/\/ilsa-diagnostics.com\/en\/wp-json\/wp\/v2\/pages\/793","targetHints":{"allow":["GET"]}}],"collection":[{"href":"https:\/\/ilsa-diagnostics.com\/en\/wp-json\/wp\/v2\/pages"}],"about":[{"href":"https:\/\/ilsa-diagnostics.com\/en\/wp-json\/wp\/v2\/types\/page"}],"author":[{"embeddable":true,"href":"https:\/\/ilsa-diagnostics.com\/en\/wp-json\/wp\/v2\/users\/1"}],"replies":[{"embeddable":true,"href":"https:\/\/ilsa-diagnostics.com\/en\/wp-json\/wp\/v2\/comments?post=793"}],"version-history":[{"count":0,"href":"https:\/\/ilsa-diagnostics.com\/en\/wp-json\/wp\/v2\/pages\/793\/revisions"}],"up":[{"embeddable":true,"href":"https:\/\/ilsa-diagnostics.com\/en\/wp-json\/wp\/v2\/pages\/788"}],"wp:featuredmedia":[{"embeddable":true,"href":"https:\/\/ilsa-diagnostics.com\/en\/wp-json\/wp\/v2\/media\/738"}],"wp:attachment":[{"href":"https:\/\/ilsa-diagnostics.com\/en\/wp-json\/wp\/v2\/media?parent=793"}],"curies":[{"name":"wp","href":"https:\/\/api.w.org\/{rel}","templated":true}]}}