{"id":791,"date":"2022-05-31T10:51:27","date_gmt":"2022-05-31T08:51:27","guid":{"rendered":"https:\/\/ilsa-diagnostics.com\/cytology\/idc-20\/"},"modified":"2022-10-10T11:46:39","modified_gmt":"2022-10-10T09:46:39","slug":"idc-20","status":"publish","type":"page","link":"https:\/\/ilsa-diagnostics.com\/en\/cytology\/idc-20\/","title":{"rendered":"IDC 20"},"content":{"rendered":"\n<div class=\"wp-block-group alignwide is-layout-flow wp-block-group-is-layout-flow\">\n<div class=\"wp-block-columns are-vertically-aligned-center is-layout-flex wp-container-core-columns-is-layout-1 wp-block-columns-is-layout-flex\">\n<div class=\"wp-block-column is-vertically-aligned-center is-layout-flow wp-block-column-is-layout-flow\">\n<figure class=\"wp-block-image size-full\"><img loading=\"lazy\" decoding=\"async\" width=\"623\" height=\"641\" src=\"https:\/\/ilsa-diagnostics.com\/content\/uploads\/2022\/05\/8001520_DxO-1.png\" alt=\"\" class=\"wp-image-558\" srcset=\"https:\/\/ilsa-diagnostics.com\/content\/uploads\/2022\/05\/8001520_DxO-1.png 623w, https:\/\/ilsa-diagnostics.com\/content\/uploads\/2022\/05\/8001520_DxO-1-292x300.png 292w, https:\/\/ilsa-diagnostics.com\/content\/uploads\/2022\/05\/8001520_DxO-1-320x329.png 320w\" sizes=\"auto, (max-width: 623px) 100vw, 623px\" \/><\/figure>\n<\/div>\n\n\n\n<div class=\"wp-block-column is-vertically-aligned-center is-layout-flow wp-block-column-is-layout-flow\">\n<h2 class=\"wp-block-heading\">Automated system for cytology laboratories up to 50.000 tests \/ year<\/h2>\n\n\n\n<p><em>The instrument, thanks to a double centrifugation and an integrated turbidity reading, allows a homogeneous, monolayer and reproducible spreading.<\/em><\/p>\n\n\n\n<p><em>The instrument has a re-spread rate of less than 2% thanks to its low cell concentration detection system and its mucus detection control system, making the IDC20 one of the most robust machines on the market.<\/em><\/p>\n\n\n\n<p>No specialized personnel are required to operate the instrument. A one-hour training session is enough to train your technician. The machine is controlled by a touch pad with a simplified interface.<\/p>\n\n\n\n<p>The use of disposable tips avoids any inter-contamination.<\/p>\n\n\n\n<p>The management of the samples by bar codes allows to avoid any human error.<\/p>\n\n\n\n<p>The automated system becomes an essential link in your <strong>NF EN 15189<\/strong> certification.<\/p>\n<\/div>\n<\/div>\n<\/div>\n\n\n\n<div class=\"wp-block-group alignfull has-primary-background-color has-background is-layout-flow wp-block-group-is-layout-flow\">\n<div class=\"wp-block-group alignwide is-layout-flow wp-block-group-is-layout-flow\">\n<div class=\"wp-block-columns are-vertically-aligned-center is-layout-flex wp-container-core-columns-is-layout-2 wp-block-columns-is-layout-flex\">\n<div class=\"wp-block-column is-vertically-aligned-center is-layout-flow wp-block-column-is-layout-flow\">\n<h2 class=\"has-quinquenary-color has-text-color wp-block-heading\">How does the machine work ?<\/h2>\n\n\n\n<ol class=\"has-quinquenary-color has-text-color wp-block-list\"><li>The samples and identified slides are loaded on the machine.<\/li><li>A &#8220;diluant\/sticker&#8221; liquid is deposited on the slides.<\/li><li>For each patient, after checking the barcodes, the IDC20 takes 1ml of liquid with a disposable tip and checks the cell density.<\/li><li>It deposits the necessary quantity on the slide.<\/li><li>A first centrifugation deposits the cells on the slides. The &#8220;diluant\/Sticker&#8221; gradiant liquid allows to eliminate a part of the undesirable elements (red blood cells, dust, pieces of membranes, &#8230;).<\/li><li>After emptying the supernatant, a second centrifugation allows the final sticking of the cells and the drying of the slide.<\/li><li>Slides come out of the machine ready for staining.<\/li><\/ol>\n<\/div>\n\n\n\n<div class=\"wp-block-column is-vertically-aligned-center is-layout-flow wp-block-column-is-layout-flow\">\n<figure class=\"wp-block-embed is-type-rich is-provider-embed-handler wp-block-embed-embed-handler wp-embed-aspect-16-9 wp-has-aspect-ratio\"><div class=\"wp-block-embed__wrapper\">\n<iframe loading=\"lazy\" title=\"Vid+\u00aeos iDC 20 GB\" width=\"500\" height=\"281\" src=\"https:\/\/www.youtube.com\/embed\/2F9f6WS7cp0?feature=oembed\" frameborder=\"0\" allow=\"accelerometer; autoplay; clipboard-write; encrypted-media; gyroscope; picture-in-picture; web-share\" referrerpolicy=\"strict-origin-when-cross-origin\" allowfullscreen><\/iframe>\n<\/div><\/figure>\n<\/div>\n<\/div>\n<\/div>\n<\/div>\n\n\n\n<div class=\"wp-block-group alignfull is-layout-flow wp-block-group-is-layout-flow\">\n<div class=\"wp-block-group alignwide is-layout-flow wp-block-group-is-layout-flow\">\n<h2 class=\"has-text-align-left wp-block-heading\">Chronology of IDC20 operation<\/h2>\n\n\n\n<div class=\"wp-block-columns are-vertically-aligned-top is-layout-flex wp-container-core-columns-is-layout-3 wp-block-columns-is-layout-flex\">\n<div class=\"wp-block-column is-vertically-aligned-top is-layout-flow wp-block-column-is-layout-flow\">\n<p><strong>\u2022 <\/strong>iDC 20 reads the bar codes to check the correct match between slides and specimen bottle !<\/p>\n\n\n\n<p><strong>No risk of error possible ! Total traceability<\/strong><\/p>\n\n\n\n<p><strong>\u2022 <\/strong>If they match, IDC20 uses a disposable tip to draw 1ml of liquid fromthe sample vial following re-suspension.<\/p>\n\n\n\n<p><strong>Disposable tip = no risk of contamination !<\/strong><\/p>\n\n\n\n<p><strong>\u2022 <\/strong>Turbidity is then determined in the disposable tip by infra-red sensors Integrated infra-red !<\/p>\n\n\n\n<p><strong>Accurate cell concentration measurement !<\/strong><\/p>\n\n\n\n<p><strong>\u2022 <\/strong>Depending on the result, iDC 20 adapts the volume of sample distributed on the slide to ensure quantity of cells is always correct.<\/p>\n\n\n\n<p><strong>Standardization of cell concentration !<\/strong><\/p>\n\n\n\n<p><strong>\u2022 <\/strong>An initial slow centrifuge is engaged to spread the cells on the slide.<\/p>\n\n\n\n<p><strong>Allowing a homogeneous slide quality and a monolayer spot !<\/strong><\/p>\n<\/div>\n\n\n\n<div class=\"wp-block-column is-vertically-aligned-top is-layout-flow wp-block-column-is-layout-flow\">\n<p><strong>\u2022 <\/strong>Followed by supernatant evacuation by disposable tips to remove the maximum of impurities: mucus, pieces of membranes, blood&#8230;<\/p>\n\n\n\n<p><strong>Still no contamination risk<\/strong><\/p>\n\n\n\n<p><strong>\u2022 <\/strong>A second faster centrifugation sticks cells to the slide and then dries it.<\/p>\n\n\n\n<p><strong>Your slide is ready for staining !<\/strong><\/p>\n\n\n\n<p>For each slide, IDC20 records all operations performed : date, time, bar codes read, turbidity, user&#8230;<\/p>\n\n\n\n<p><strong>IDC20 helps you achieve your NF EN 15189 certification !<\/strong><\/p>\n<\/div>\n<\/div>\n<\/div>\n<\/div>\n\n\n\n<div class=\"wp-block-group alignfull has-primary-background-color has-background is-layout-flow wp-block-group-is-layout-flow\">\n<div class=\"wp-block-group alignwide is-layout-flow wp-block-group-is-layout-flow\">\n<div class=\"wp-block-columns is-layout-flex wp-container-core-columns-is-layout-4 wp-block-columns-is-layout-flex\">\n<div class=\"wp-block-column is-layout-flow wp-block-column-is-layout-flow\">\n<div class=\"wp-block-buttons is-content-justification-center is-layout-flex wp-container-core-buttons-is-layout-1 wp-block-buttons-is-layout-flex\"><div class=\"wp-block-button is-style-btn-light-outlined\"><a class=\"wp-block-button__link\" href=\"https:\/\/ilsa-diagnostics.com\/content\/uploads\/2022\/10\/idc20-en.pdf\" target=\"_blank\" rel=\"noreferrer noopener\"><span>See the brochure<\/span><\/a><\/div>\n<\/div>\n<\/div>\n<\/div>\n<\/div>\n<\/div>\n\n\n\n<div class=\"wp-block-group alignfull has-quaternary-background-color has-background is-layout-flow wp-block-group-is-layout-flow\">\n<div class=\"wp-block-group is-layout-flow wp-block-group-is-layout-flow\">\n<p class=\"has-text-align-center has-medium-font-size\"><em><strong>iLsa designs and manufactures instruments and consumables (100% French). iLsa keeps in stock on its site in Besan\u00e7on all the parts necessary to repair your device within 48 hours.<\/strong><\/em><\/p>\n\n\n\n<p class=\"has-text-align-center has-medium-font-size\"><em><strong>Your technician can directly contact our Hotline service technicians for online troubleshooting or to make an appointment at your location.<\/strong><\/em><\/p>\n<\/div>\n<\/div>\n","protected":false},"excerpt":{"rendered":"<p>Automated system for cytology laboratories up to 50.000 tests \/ year The instrument, thanks to a double centrifugation and an integrated turbidity reading, allows a homogeneous, monolayer and reproducible spreading. The instrument has a re-spread rate of less than 2% thanks to its low cell concentration detection system and its mucus detection control system, making [&hellip;]<\/p>\n","protected":false},"author":1,"featured_media":740,"parent":788,"menu_order":1,"comment_status":"closed","ping_status":"closed","template":"","meta":{"_acf_changed":false,"footnotes":""},"class_list":["post-791","page","type-page","status-publish","has-post-thumbnail","hentry"],"acf":[],"yoast_head":"<!-- This site is optimized with the Yoast SEO plugin v24.1 - https:\/\/yoast.com\/wordpress\/plugins\/seo\/ -->\n<title>IDC 20, automated system for cytology up to 50000 tests\/year - iLsa Diagnostics<\/title>\n<meta name=\"description\" content=\"IDC20 is an automated cytology system for laboratories up to 50000 tests\/year. Its touch screen tablet makes it easy to use\" \/>\n<meta name=\"robots\" content=\"index, follow, max-snippet:-1, max-image-preview:large, max-video-preview:-1\" \/>\n<link rel=\"canonical\" href=\"https:\/\/ilsa-diagnostics.com\/en\/cytology\/idc-20\/\" \/>\n<meta property=\"og:locale\" content=\"en_US\" \/>\n<meta property=\"og:type\" content=\"article\" \/>\n<meta property=\"og:title\" content=\"IDC 20, automated system for cytology up to 50000 tests\/year - iLsa Diagnostics\" \/>\n<meta property=\"og:description\" content=\"IDC20 is an automated cytology system for laboratories up to 50000 tests\/year. Its touch screen tablet makes it easy to use\" \/>\n<meta property=\"og:url\" content=\"https:\/\/ilsa-diagnostics.com\/en\/cytology\/idc-20\/\" \/>\n<meta property=\"og:site_name\" content=\"iLsa Diagnostics\" \/>\n<meta property=\"article:modified_time\" content=\"2022-10-10T09:46:39+00:00\" \/>\n<meta property=\"og:image\" content=\"https:\/\/ilsa-diagnostics.com\/content\/uploads\/2022\/05\/8001520_DxO.png\" \/>\n\t<meta property=\"og:image:width\" content=\"1000\" \/>\n\t<meta property=\"og:image:height\" content=\"667\" \/>\n\t<meta property=\"og:image:type\" content=\"image\/png\" \/>\n<meta name=\"twitter:card\" content=\"summary_large_image\" \/>\n<meta name=\"twitter:label1\" content=\"Est. reading time\" \/>\n\t<meta name=\"twitter:data1\" content=\"3 minutes\" \/>\n<script type=\"application\/ld+json\" class=\"yoast-schema-graph\">{\"@context\":\"https:\/\/schema.org\",\"@graph\":[{\"@type\":\"WebPage\",\"@id\":\"https:\/\/ilsa-diagnostics.com\/en\/cytology\/idc-20\/\",\"url\":\"https:\/\/ilsa-diagnostics.com\/en\/cytology\/idc-20\/\",\"name\":\"IDC 20, automated system for cytology up to 50000 tests\/year - iLsa Diagnostics\",\"isPartOf\":{\"@id\":\"https:\/\/ilsa-diagnostics.com\/en\/#website\"},\"primaryImageOfPage\":{\"@id\":\"https:\/\/ilsa-diagnostics.com\/en\/cytology\/idc-20\/#primaryimage\"},\"image\":{\"@id\":\"https:\/\/ilsa-diagnostics.com\/en\/cytology\/idc-20\/#primaryimage\"},\"thumbnailUrl\":\"https:\/\/ilsa-diagnostics.com\/content\/uploads\/2022\/05\/8001520_DxO.png\",\"datePublished\":\"2022-05-31T08:51:27+00:00\",\"dateModified\":\"2022-10-10T09:46:39+00:00\",\"description\":\"IDC20 is an automated cytology system for laboratories up to 50000 tests\/year. Its touch screen tablet makes it easy to use\",\"breadcrumb\":{\"@id\":\"https:\/\/ilsa-diagnostics.com\/en\/cytology\/idc-20\/#breadcrumb\"},\"inLanguage\":\"en-US\",\"potentialAction\":[{\"@type\":\"ReadAction\",\"target\":[\"https:\/\/ilsa-diagnostics.com\/en\/cytology\/idc-20\/\"]}]},{\"@type\":\"ImageObject\",\"inLanguage\":\"en-US\",\"@id\":\"https:\/\/ilsa-diagnostics.com\/en\/cytology\/idc-20\/#primaryimage\",\"url\":\"https:\/\/ilsa-diagnostics.com\/content\/uploads\/2022\/05\/8001520_DxO.png\",\"contentUrl\":\"https:\/\/ilsa-diagnostics.com\/content\/uploads\/2022\/05\/8001520_DxO.png\",\"width\":1000,\"height\":667},{\"@type\":\"BreadcrumbList\",\"@id\":\"https:\/\/ilsa-diagnostics.com\/en\/cytology\/idc-20\/#breadcrumb\",\"itemListElement\":[{\"@type\":\"ListItem\",\"position\":1,\"name\":\"Accueil\",\"item\":\"https:\/\/ilsa-diagnostics.com\/en\/\"},{\"@type\":\"ListItem\",\"position\":2,\"name\":\"Cytology\",\"item\":\"https:\/\/ilsa-diagnostics.com\/en\/cytology\/\"},{\"@type\":\"ListItem\",\"position\":3,\"name\":\"IDC 20\"}]},{\"@type\":\"WebSite\",\"@id\":\"https:\/\/ilsa-diagnostics.com\/en\/#website\",\"url\":\"https:\/\/ilsa-diagnostics.com\/en\/\",\"name\":\"iLsa Diagnostics\",\"description\":\"Sp\u00e9cialiste des instruments  de laboratoire pour Cytologie  &amp; s\u00e9roth\u00e8ques\",\"publisher\":{\"@id\":\"https:\/\/ilsa-diagnostics.com\/en\/#organization\"},\"potentialAction\":[{\"@type\":\"SearchAction\",\"target\":{\"@type\":\"EntryPoint\",\"urlTemplate\":\"https:\/\/ilsa-diagnostics.com\/en\/?s={search_term_string}\"},\"query-input\":{\"@type\":\"PropertyValueSpecification\",\"valueRequired\":true,\"valueName\":\"search_term_string\"}}],\"inLanguage\":\"en-US\"},{\"@type\":\"Organization\",\"@id\":\"https:\/\/ilsa-diagnostics.com\/en\/#organization\",\"name\":\"iLsa Diagnostics\",\"url\":\"https:\/\/ilsa-diagnostics.com\/en\/\",\"logo\":{\"@type\":\"ImageObject\",\"inLanguage\":\"en-US\",\"@id\":\"https:\/\/ilsa-diagnostics.com\/en\/#\/schema\/logo\/image\/\",\"url\":\"https:\/\/ilsa-diagnostics.com\/content\/uploads\/2022\/05\/logo.svg\",\"contentUrl\":\"https:\/\/ilsa-diagnostics.com\/content\/uploads\/2022\/05\/logo.svg\",\"caption\":\"iLsa Diagnostics\"},\"image\":{\"@id\":\"https:\/\/ilsa-diagnostics.com\/en\/#\/schema\/logo\/image\/\"},\"sameAs\":[\"https:\/\/www.linkedin.com\/company\/ilsa\",\"https:\/\/www.youtube.com\/channel\/UCYpSopqXigx6gP9SgRQFLBw\"]}]}<\/script>\n<!-- \/ Yoast SEO plugin. -->","yoast_head_json":{"title":"IDC 20, automated system for cytology up to 50000 tests\/year - iLsa Diagnostics","description":"IDC20 is an automated cytology system for laboratories up to 50000 tests\/year. Its touch screen tablet makes it easy to use","robots":{"index":"index","follow":"follow","max-snippet":"max-snippet:-1","max-image-preview":"max-image-preview:large","max-video-preview":"max-video-preview:-1"},"canonical":"https:\/\/ilsa-diagnostics.com\/en\/cytology\/idc-20\/","og_locale":"en_US","og_type":"article","og_title":"IDC 20, automated system for cytology up to 50000 tests\/year - iLsa Diagnostics","og_description":"IDC20 is an automated cytology system for laboratories up to 50000 tests\/year. Its touch screen tablet makes it easy to use","og_url":"https:\/\/ilsa-diagnostics.com\/en\/cytology\/idc-20\/","og_site_name":"iLsa Diagnostics","article_modified_time":"2022-10-10T09:46:39+00:00","og_image":[{"width":1000,"height":667,"url":"https:\/\/ilsa-diagnostics.com\/content\/uploads\/2022\/05\/8001520_DxO.png","type":"image\/png"}],"twitter_card":"summary_large_image","twitter_misc":{"Est. reading time":"3 minutes"},"schema":{"@context":"https:\/\/schema.org","@graph":[{"@type":"WebPage","@id":"https:\/\/ilsa-diagnostics.com\/en\/cytology\/idc-20\/","url":"https:\/\/ilsa-diagnostics.com\/en\/cytology\/idc-20\/","name":"IDC 20, automated system for cytology up to 50000 tests\/year - iLsa Diagnostics","isPartOf":{"@id":"https:\/\/ilsa-diagnostics.com\/en\/#website"},"primaryImageOfPage":{"@id":"https:\/\/ilsa-diagnostics.com\/en\/cytology\/idc-20\/#primaryimage"},"image":{"@id":"https:\/\/ilsa-diagnostics.com\/en\/cytology\/idc-20\/#primaryimage"},"thumbnailUrl":"https:\/\/ilsa-diagnostics.com\/content\/uploads\/2022\/05\/8001520_DxO.png","datePublished":"2022-05-31T08:51:27+00:00","dateModified":"2022-10-10T09:46:39+00:00","description":"IDC20 is an automated cytology system for laboratories up to 50000 tests\/year. Its touch screen tablet makes it easy to use","breadcrumb":{"@id":"https:\/\/ilsa-diagnostics.com\/en\/cytology\/idc-20\/#breadcrumb"},"inLanguage":"en-US","potentialAction":[{"@type":"ReadAction","target":["https:\/\/ilsa-diagnostics.com\/en\/cytology\/idc-20\/"]}]},{"@type":"ImageObject","inLanguage":"en-US","@id":"https:\/\/ilsa-diagnostics.com\/en\/cytology\/idc-20\/#primaryimage","url":"https:\/\/ilsa-diagnostics.com\/content\/uploads\/2022\/05\/8001520_DxO.png","contentUrl":"https:\/\/ilsa-diagnostics.com\/content\/uploads\/2022\/05\/8001520_DxO.png","width":1000,"height":667},{"@type":"BreadcrumbList","@id":"https:\/\/ilsa-diagnostics.com\/en\/cytology\/idc-20\/#breadcrumb","itemListElement":[{"@type":"ListItem","position":1,"name":"Accueil","item":"https:\/\/ilsa-diagnostics.com\/en\/"},{"@type":"ListItem","position":2,"name":"Cytology","item":"https:\/\/ilsa-diagnostics.com\/en\/cytology\/"},{"@type":"ListItem","position":3,"name":"IDC 20"}]},{"@type":"WebSite","@id":"https:\/\/ilsa-diagnostics.com\/en\/#website","url":"https:\/\/ilsa-diagnostics.com\/en\/","name":"iLsa Diagnostics","description":"Sp\u00e9cialiste des instruments  de laboratoire pour Cytologie  &amp; s\u00e9roth\u00e8ques","publisher":{"@id":"https:\/\/ilsa-diagnostics.com\/en\/#organization"},"potentialAction":[{"@type":"SearchAction","target":{"@type":"EntryPoint","urlTemplate":"https:\/\/ilsa-diagnostics.com\/en\/?s={search_term_string}"},"query-input":{"@type":"PropertyValueSpecification","valueRequired":true,"valueName":"search_term_string"}}],"inLanguage":"en-US"},{"@type":"Organization","@id":"https:\/\/ilsa-diagnostics.com\/en\/#organization","name":"iLsa Diagnostics","url":"https:\/\/ilsa-diagnostics.com\/en\/","logo":{"@type":"ImageObject","inLanguage":"en-US","@id":"https:\/\/ilsa-diagnostics.com\/en\/#\/schema\/logo\/image\/","url":"https:\/\/ilsa-diagnostics.com\/content\/uploads\/2022\/05\/logo.svg","contentUrl":"https:\/\/ilsa-diagnostics.com\/content\/uploads\/2022\/05\/logo.svg","caption":"iLsa Diagnostics"},"image":{"@id":"https:\/\/ilsa-diagnostics.com\/en\/#\/schema\/logo\/image\/"},"sameAs":["https:\/\/www.linkedin.com\/company\/ilsa","https:\/\/www.youtube.com\/channel\/UCYpSopqXigx6gP9SgRQFLBw"]}]}},"_links":{"self":[{"href":"https:\/\/ilsa-diagnostics.com\/en\/wp-json\/wp\/v2\/pages\/791","targetHints":{"allow":["GET"]}}],"collection":[{"href":"https:\/\/ilsa-diagnostics.com\/en\/wp-json\/wp\/v2\/pages"}],"about":[{"href":"https:\/\/ilsa-diagnostics.com\/en\/wp-json\/wp\/v2\/types\/page"}],"author":[{"embeddable":true,"href":"https:\/\/ilsa-diagnostics.com\/en\/wp-json\/wp\/v2\/users\/1"}],"replies":[{"embeddable":true,"href":"https:\/\/ilsa-diagnostics.com\/en\/wp-json\/wp\/v2\/comments?post=791"}],"version-history":[{"count":0,"href":"https:\/\/ilsa-diagnostics.com\/en\/wp-json\/wp\/v2\/pages\/791\/revisions"}],"up":[{"embeddable":true,"href":"https:\/\/ilsa-diagnostics.com\/en\/wp-json\/wp\/v2\/pages\/788"}],"wp:featuredmedia":[{"embeddable":true,"href":"https:\/\/ilsa-diagnostics.com\/en\/wp-json\/wp\/v2\/media\/740"}],"wp:attachment":[{"href":"https:\/\/ilsa-diagnostics.com\/en\/wp-json\/wp\/v2\/media?parent=791"}],"curies":[{"name":"wp","href":"https:\/\/api.w.org\/{rel}","templated":true}]}}