{"id":789,"date":"2022-05-31T10:51:16","date_gmt":"2022-05-31T08:51:16","guid":{"rendered":"https:\/\/ilsa-diagnostics.com\/cytology\/cell-expert\/"},"modified":"2023-07-13T09:07:50","modified_gmt":"2023-07-13T07:07:50","slug":"cell-expert","status":"publish","type":"page","link":"https:\/\/ilsa-diagnostics.com\/en\/cytology\/cell-expert\/","title":{"rendered":"Cell Expert"},"content":{"rendered":"\n<div class=\"wp-block-group alignwide img-txt is-layout-flow wp-block-group-is-layout-flow\">\n<div class=\"wp-block-columns is-layout-flex wp-container-core-columns-is-layout-2 wp-block-columns-is-layout-flex\">\n<div class=\"wp-block-column is-layout-flow wp-block-column-is-layout-flow\" style=\"flex-basis:50%\">\n<figure class=\"wp-block-image size-full\"><img loading=\"lazy\" decoding=\"async\" width=\"1000\" height=\"667\" src=\"https:\/\/ilsa-diagnostics.com\/content\/uploads\/2022\/05\/8003948_DxO.png\" alt=\"\" class=\"wp-image-552\" srcset=\"https:\/\/ilsa-diagnostics.com\/content\/uploads\/2022\/05\/8003948_DxO.png 1000w, https:\/\/ilsa-diagnostics.com\/content\/uploads\/2022\/05\/8003948_DxO-300x200.png 300w, https:\/\/ilsa-diagnostics.com\/content\/uploads\/2022\/05\/8003948_DxO-768x512.png 768w, https:\/\/ilsa-diagnostics.com\/content\/uploads\/2022\/05\/8003948_DxO-320x213.png 320w\" sizes=\"auto, (max-width: 1000px) 100vw, 1000px\" \/><\/figure>\n\n\n<figure class=\"wp-block-image size-full\"><img loading=\"lazy\" decoding=\"async\" width=\"1000\" height=\"667\" src=\"https:\/\/ilsa-diagnostics.com\/content\/uploads\/2022\/05\/8003909_DxO.png\" alt=\"\" class=\"wp-image-551\" srcset=\"https:\/\/ilsa-diagnostics.com\/content\/uploads\/2022\/05\/8003909_DxO.png 1000w, https:\/\/ilsa-diagnostics.com\/content\/uploads\/2022\/05\/8003909_DxO-300x200.png 300w, https:\/\/ilsa-diagnostics.com\/content\/uploads\/2022\/05\/8003909_DxO-768x512.png 768w, https:\/\/ilsa-diagnostics.com\/content\/uploads\/2022\/05\/8003909_DxO-320x213.png 320w\" sizes=\"auto, (max-width: 1000px) 100vw, 1000px\" \/><\/figure><\/div>\n\n\n\n<div class=\"wp-block-column is-layout-flow wp-block-column-is-layout-flow\" style=\"flex-basis:50%\">\n<h2 class=\"wp-block-heading\">Automated system for cytology laboratories from 40.000 tests\/year<\/h2>\n\n\n\n<p><strong><em>Cell Expert<\/em><\/strong><em> is a high speed instrument with automatic opening and closing of specimen vials. It has many other very competitive advantages :<\/em><\/p>\n\n\n\n<ul class=\"wp-block-list\"><li><strong><em>Brush in the bottle<\/em><\/strong><em> : 100% of collected cells are sent to the laboratory<\/em><\/li><li><em>Possibility of spreading <\/em><strong><em>several slides for the same sample<\/em><\/strong><\/li><li><em>A secure process :<\/em><ul><li><strong><em>Zero risk of contamination<\/em><\/strong><em> due to the use of disposable tips and chambers.<\/em><\/li><li><strong><em>o Any operating error is detected <\/em><\/strong><em> and flagged up, slides and specimen bottles are identified with same barcodes, barcodes are read before picking and dispensing, software meets standard 62304 requirements.<\/em><\/li><\/ul><\/li><li><em>The<\/em><strong><em>cell concentration is identical<\/em><\/strong><em> \u00e0 la centrifugation int\u00e9gr\u00e9e des pots de pr\u00e9l\u00e8vement puis dilution et le calcul de la concentration cellulaire par lecture de turbidit\u00e9.<\/em><\/li><li><strong><em>Small size of GYN specimen bottle<\/em><\/strong><em> (diameter under 30 mm) for posting,<\/em><\/li><li><strong><em>Non toxic preservative liquid <\/em><\/strong><em> (without methanol and without formol)<\/em><\/li><li><em>Ergonomic instrument for quick and easy handling (training of 2 hours maximum)<\/em><\/li><li><em>High speed<\/em><strong><em> 50 lames \/ hour<\/em><\/strong><em>with automatic opening of the sample bottles<\/em><\/li><li><em>Full traceability : all data is stored,<\/em><\/li><li><strong><em>Cell Expert<\/em><\/strong><em> fully automates <\/em><strong><em>Gyn and Non Gyn sampling<\/em><\/strong><\/li><li><em>Immuno-cytochemical test possibility : liquid retains a good cell structure for immuno-cytochemical testing<\/em><\/li><\/ul>\n\n\n<p><strong><em>Cell Expert<\/em><\/strong><em> also offers an option for HPV testing in molecular biology :<\/em><\/p>\n\n\n\n<ul class=\"wp-block-list\"><li><strong><em>Automated aliquoting for HPV tubes<\/em><\/strong> <em>with throughput of<\/em> <strong><em>80 tubes\/hour<\/em><\/strong><\/li><\/ul>\n\n\n<p><\/p>\n\n\n\n<p><\/p>\n\n\n\n<div class=\"wp-block-columns is-layout-flex wp-container-core-columns-is-layout-1 wp-block-columns-is-layout-flex\">\n<div class=\"wp-block-column is-layout-flow wp-block-column-is-layout-flow\" style=\"flex-basis:50%\">\n<p>Sizes : 67 cm (length) X 56 cm (width) ;<br\/>Weight : 62 kgs<\/p>\n\n\n\n<p>Consumables <strong>Cell Expert<\/strong> :<\/p>\n\n\n\n<ul class=\"wp-block-list\"><li>Specimen bottle<\/li><li>Brush<\/li><li>Slide<\/li><li>Centrifuge chamber<\/li><li>Tips<\/li><\/ul><\/div>\n\n\n\n<div class=\"wp-block-column is-layout-flow wp-block-column-is-layout-flow\" style=\"flex-basis:50%\">\n<figure class=\"wp-block-image size-full\"><img loading=\"lazy\" decoding=\"async\" width=\"241\" height=\"245\" src=\"https:\/\/ilsa-diagnostics.com\/content\/uploads\/2022\/05\/D62_5846_DxO.jpg\" alt=\"\" class=\"wp-image-575\"\/><\/figure><\/div>\n<\/div>\n<\/div>\n<\/div>\n<\/div>\n\n<div class=\"wp-block-group alignfull has-primary-background-color has-background is-layout-flow wp-block-group-is-layout-flow\">\n<div class=\"wp-block-group alignwide is-layout-flow wp-block-group-is-layout-flow\">\n<div class=\"wp-block-columns is-layout-flex wp-container-core-columns-is-layout-3 wp-block-columns-is-layout-flex\">\n<div class=\"wp-block-column is-layout-flow wp-block-column-is-layout-flow\">\n<div class=\"wp-block-buttons is-content-justification-center is-layout-flex wp-container-core-buttons-is-layout-1 wp-block-buttons-is-layout-flex\"><div class=\"wp-block-button is-style-btn-light-outlined\"><a class=\"wp-block-button__link\" href=\"https:\/\/ilsa-diagnostics.com\/content\/uploads\/2022\/06\/Nouveau-Cell-Expert-recto.pdf\" target=\"_blank\" rel=\"noreferrer noopener\"><span>See the brochure<\/span><\/a><\/div>\n\n\n<div class=\"wp-block-button is-style-btn-light-outlined\"><a class=\"wp-block-button__link\" href=\"https:\/\/ilsa-diagnostics.com\/content\/uploads\/2022\/07\/workflow-cell-expert-fr.pdf\" target=\"_blank\" rel=\"noreferrer noopener\"><span>See the workflow<\/span><\/a><\/div>\n\n\n<div class=\"wp-block-button is-style-btn-light-outlined\"><a class=\"wp-block-button__link\" href=\"https:\/\/www.youtube.com\/watch?v=rN2y-dKD9is\" target=\"_blank\" rel=\"noreferrer noopener\"><span>Watch the video<\/span><\/a><\/div>\n<\/div>\n<\/div>\n<\/div>\n<\/div>\n<\/div>\n\n<div class=\"wp-block-group alignfull has-quaternary-background-color has-background is-layout-flow wp-block-group-is-layout-flow\">\n<div class=\"wp-block-group is-layout-flow wp-block-group-is-layout-flow\">\n<p class=\"has-text-align-center has-medium-font-size\"><em><strong>iLsa designs and manufactures instruments and consumables (100% French). iLsa keeps in stock on its site in Besan\u00e7on all the parts necessary to repair your device within 48 hours.<\/strong><\/em><\/p>\n\n\n\n<p class=\"has-text-align-center has-medium-font-size\"><em><strong>Your technician can directly contact our Hotline service technicians for online troubleshooting or to make an appointment at your location.<\/strong><\/em><\/p>\n<\/div>\n<\/div>\n","protected":false},"excerpt":{"rendered":"<p>Automated system for cytology laboratories from 40.000 tests\/year Cell Expert is a high speed instrument with automatic opening and closing of specimen vials. It has many other very competitive advantages : Brush in the bottle : 100% of collected cells are sent to the laboratory Possibility of spreading several slides for the same sample A [&hellip;]<\/p>\n","protected":false},"author":1,"featured_media":743,"parent":788,"menu_order":0,"comment_status":"closed","ping_status":"closed","template":"","meta":{"_acf_changed":false,"footnotes":""},"class_list":["post-789","page","type-page","status-publish","has-post-thumbnail","hentry"],"acf":[],"yoast_head":"<!-- This site is optimized with the Yoast SEO plugin v24.1 - https:\/\/yoast.com\/wordpress\/plugins\/seo\/ -->\n<title>Cell Expert, automated system for cytology laboratories - iLsa Diagnostics<\/title>\n<meta name=\"description\" content=\"Cell Expert is a high speed instrument with automatic opening and closing of specimen vials.\" \/>\n<meta name=\"robots\" content=\"index, follow, max-snippet:-1, max-image-preview:large, max-video-preview:-1\" \/>\n<link rel=\"canonical\" href=\"https:\/\/ilsa-diagnostics.com\/en\/cytology\/cell-expert\/\" \/>\n<meta property=\"og:locale\" content=\"en_US\" \/>\n<meta property=\"og:type\" content=\"article\" \/>\n<meta property=\"og:title\" content=\"Cell Expert, automated system for cytology laboratories - iLsa Diagnostics\" \/>\n<meta property=\"og:description\" content=\"Cell Expert is a high speed instrument with automatic opening and closing of specimen vials.\" \/>\n<meta property=\"og:url\" content=\"https:\/\/ilsa-diagnostics.com\/en\/cytology\/cell-expert\/\" \/>\n<meta property=\"og:site_name\" content=\"iLsa Diagnostics\" \/>\n<meta property=\"article:modified_time\" content=\"2023-07-13T07:07:50+00:00\" \/>\n<meta property=\"og:image\" content=\"https:\/\/ilsa-diagnostics.com\/content\/uploads\/2022\/05\/8003948_DxO.png\" \/>\n\t<meta property=\"og:image:width\" content=\"1000\" \/>\n\t<meta property=\"og:image:height\" content=\"667\" \/>\n\t<meta property=\"og:image:type\" content=\"image\/png\" \/>\n<meta name=\"twitter:card\" content=\"summary_large_image\" \/>\n<meta name=\"twitter:label1\" content=\"Est. reading time\" \/>\n\t<meta name=\"twitter:data1\" content=\"2 minutes\" \/>\n<script type=\"application\/ld+json\" class=\"yoast-schema-graph\">{\"@context\":\"https:\/\/schema.org\",\"@graph\":[{\"@type\":\"WebPage\",\"@id\":\"https:\/\/ilsa-diagnostics.com\/en\/cytology\/cell-expert\/\",\"url\":\"https:\/\/ilsa-diagnostics.com\/en\/cytology\/cell-expert\/\",\"name\":\"Cell Expert, automated system for cytology laboratories - iLsa Diagnostics\",\"isPartOf\":{\"@id\":\"https:\/\/ilsa-diagnostics.com\/en\/#website\"},\"primaryImageOfPage\":{\"@id\":\"https:\/\/ilsa-diagnostics.com\/en\/cytology\/cell-expert\/#primaryimage\"},\"image\":{\"@id\":\"https:\/\/ilsa-diagnostics.com\/en\/cytology\/cell-expert\/#primaryimage\"},\"thumbnailUrl\":\"https:\/\/ilsa-diagnostics.com\/content\/uploads\/2022\/05\/8003948_DxO.png\",\"datePublished\":\"2022-05-31T08:51:16+00:00\",\"dateModified\":\"2023-07-13T07:07:50+00:00\",\"description\":\"Cell Expert is a high speed instrument with automatic opening and closing of specimen vials.\",\"breadcrumb\":{\"@id\":\"https:\/\/ilsa-diagnostics.com\/en\/cytology\/cell-expert\/#breadcrumb\"},\"inLanguage\":\"en-US\",\"potentialAction\":[{\"@type\":\"ReadAction\",\"target\":[\"https:\/\/ilsa-diagnostics.com\/en\/cytology\/cell-expert\/\"]}]},{\"@type\":\"ImageObject\",\"inLanguage\":\"en-US\",\"@id\":\"https:\/\/ilsa-diagnostics.com\/en\/cytology\/cell-expert\/#primaryimage\",\"url\":\"https:\/\/ilsa-diagnostics.com\/content\/uploads\/2022\/05\/8003948_DxO.png\",\"contentUrl\":\"https:\/\/ilsa-diagnostics.com\/content\/uploads\/2022\/05\/8003948_DxO.png\",\"width\":1000,\"height\":667},{\"@type\":\"BreadcrumbList\",\"@id\":\"https:\/\/ilsa-diagnostics.com\/en\/cytology\/cell-expert\/#breadcrumb\",\"itemListElement\":[{\"@type\":\"ListItem\",\"position\":1,\"name\":\"Accueil\",\"item\":\"https:\/\/ilsa-diagnostics.com\/en\/\"},{\"@type\":\"ListItem\",\"position\":2,\"name\":\"Cytology\",\"item\":\"https:\/\/ilsa-diagnostics.com\/en\/cytology\/\"},{\"@type\":\"ListItem\",\"position\":3,\"name\":\"Cell Expert\"}]},{\"@type\":\"WebSite\",\"@id\":\"https:\/\/ilsa-diagnostics.com\/en\/#website\",\"url\":\"https:\/\/ilsa-diagnostics.com\/en\/\",\"name\":\"iLsa Diagnostics\",\"description\":\"Sp\u00e9cialiste des instruments  de laboratoire pour Cytologie  &amp; s\u00e9roth\u00e8ques\",\"publisher\":{\"@id\":\"https:\/\/ilsa-diagnostics.com\/en\/#organization\"},\"potentialAction\":[{\"@type\":\"SearchAction\",\"target\":{\"@type\":\"EntryPoint\",\"urlTemplate\":\"https:\/\/ilsa-diagnostics.com\/en\/?s={search_term_string}\"},\"query-input\":{\"@type\":\"PropertyValueSpecification\",\"valueRequired\":true,\"valueName\":\"search_term_string\"}}],\"inLanguage\":\"en-US\"},{\"@type\":\"Organization\",\"@id\":\"https:\/\/ilsa-diagnostics.com\/en\/#organization\",\"name\":\"iLsa Diagnostics\",\"url\":\"https:\/\/ilsa-diagnostics.com\/en\/\",\"logo\":{\"@type\":\"ImageObject\",\"inLanguage\":\"en-US\",\"@id\":\"https:\/\/ilsa-diagnostics.com\/en\/#\/schema\/logo\/image\/\",\"url\":\"https:\/\/ilsa-diagnostics.com\/content\/uploads\/2022\/05\/logo.svg\",\"contentUrl\":\"https:\/\/ilsa-diagnostics.com\/content\/uploads\/2022\/05\/logo.svg\",\"caption\":\"iLsa Diagnostics\"},\"image\":{\"@id\":\"https:\/\/ilsa-diagnostics.com\/en\/#\/schema\/logo\/image\/\"},\"sameAs\":[\"https:\/\/www.linkedin.com\/company\/ilsa\",\"https:\/\/www.youtube.com\/channel\/UCYpSopqXigx6gP9SgRQFLBw\"]}]}<\/script>\n<!-- \/ Yoast SEO plugin. -->","yoast_head_json":{"title":"Cell Expert, automated system for cytology laboratories - iLsa Diagnostics","description":"Cell Expert is a high speed instrument with automatic opening and closing of specimen vials.","robots":{"index":"index","follow":"follow","max-snippet":"max-snippet:-1","max-image-preview":"max-image-preview:large","max-video-preview":"max-video-preview:-1"},"canonical":"https:\/\/ilsa-diagnostics.com\/en\/cytology\/cell-expert\/","og_locale":"en_US","og_type":"article","og_title":"Cell Expert, automated system for cytology laboratories - iLsa Diagnostics","og_description":"Cell Expert is a high speed instrument with automatic opening and closing of specimen vials.","og_url":"https:\/\/ilsa-diagnostics.com\/en\/cytology\/cell-expert\/","og_site_name":"iLsa Diagnostics","article_modified_time":"2023-07-13T07:07:50+00:00","og_image":[{"width":1000,"height":667,"url":"https:\/\/ilsa-diagnostics.com\/content\/uploads\/2022\/05\/8003948_DxO.png","type":"image\/png"}],"twitter_card":"summary_large_image","twitter_misc":{"Est. reading time":"2 minutes"},"schema":{"@context":"https:\/\/schema.org","@graph":[{"@type":"WebPage","@id":"https:\/\/ilsa-diagnostics.com\/en\/cytology\/cell-expert\/","url":"https:\/\/ilsa-diagnostics.com\/en\/cytology\/cell-expert\/","name":"Cell Expert, automated system for cytology laboratories - iLsa Diagnostics","isPartOf":{"@id":"https:\/\/ilsa-diagnostics.com\/en\/#website"},"primaryImageOfPage":{"@id":"https:\/\/ilsa-diagnostics.com\/en\/cytology\/cell-expert\/#primaryimage"},"image":{"@id":"https:\/\/ilsa-diagnostics.com\/en\/cytology\/cell-expert\/#primaryimage"},"thumbnailUrl":"https:\/\/ilsa-diagnostics.com\/content\/uploads\/2022\/05\/8003948_DxO.png","datePublished":"2022-05-31T08:51:16+00:00","dateModified":"2023-07-13T07:07:50+00:00","description":"Cell Expert is a high speed instrument with automatic opening and closing of specimen vials.","breadcrumb":{"@id":"https:\/\/ilsa-diagnostics.com\/en\/cytology\/cell-expert\/#breadcrumb"},"inLanguage":"en-US","potentialAction":[{"@type":"ReadAction","target":["https:\/\/ilsa-diagnostics.com\/en\/cytology\/cell-expert\/"]}]},{"@type":"ImageObject","inLanguage":"en-US","@id":"https:\/\/ilsa-diagnostics.com\/en\/cytology\/cell-expert\/#primaryimage","url":"https:\/\/ilsa-diagnostics.com\/content\/uploads\/2022\/05\/8003948_DxO.png","contentUrl":"https:\/\/ilsa-diagnostics.com\/content\/uploads\/2022\/05\/8003948_DxO.png","width":1000,"height":667},{"@type":"BreadcrumbList","@id":"https:\/\/ilsa-diagnostics.com\/en\/cytology\/cell-expert\/#breadcrumb","itemListElement":[{"@type":"ListItem","position":1,"name":"Accueil","item":"https:\/\/ilsa-diagnostics.com\/en\/"},{"@type":"ListItem","position":2,"name":"Cytology","item":"https:\/\/ilsa-diagnostics.com\/en\/cytology\/"},{"@type":"ListItem","position":3,"name":"Cell Expert"}]},{"@type":"WebSite","@id":"https:\/\/ilsa-diagnostics.com\/en\/#website","url":"https:\/\/ilsa-diagnostics.com\/en\/","name":"iLsa Diagnostics","description":"Sp\u00e9cialiste des instruments  de laboratoire pour Cytologie  &amp; s\u00e9roth\u00e8ques","publisher":{"@id":"https:\/\/ilsa-diagnostics.com\/en\/#organization"},"potentialAction":[{"@type":"SearchAction","target":{"@type":"EntryPoint","urlTemplate":"https:\/\/ilsa-diagnostics.com\/en\/?s={search_term_string}"},"query-input":{"@type":"PropertyValueSpecification","valueRequired":true,"valueName":"search_term_string"}}],"inLanguage":"en-US"},{"@type":"Organization","@id":"https:\/\/ilsa-diagnostics.com\/en\/#organization","name":"iLsa Diagnostics","url":"https:\/\/ilsa-diagnostics.com\/en\/","logo":{"@type":"ImageObject","inLanguage":"en-US","@id":"https:\/\/ilsa-diagnostics.com\/en\/#\/schema\/logo\/image\/","url":"https:\/\/ilsa-diagnostics.com\/content\/uploads\/2022\/05\/logo.svg","contentUrl":"https:\/\/ilsa-diagnostics.com\/content\/uploads\/2022\/05\/logo.svg","caption":"iLsa Diagnostics"},"image":{"@id":"https:\/\/ilsa-diagnostics.com\/en\/#\/schema\/logo\/image\/"},"sameAs":["https:\/\/www.linkedin.com\/company\/ilsa","https:\/\/www.youtube.com\/channel\/UCYpSopqXigx6gP9SgRQFLBw"]}]}},"_links":{"self":[{"href":"https:\/\/ilsa-diagnostics.com\/en\/wp-json\/wp\/v2\/pages\/789","targetHints":{"allow":["GET"]}}],"collection":[{"href":"https:\/\/ilsa-diagnostics.com\/en\/wp-json\/wp\/v2\/pages"}],"about":[{"href":"https:\/\/ilsa-diagnostics.com\/en\/wp-json\/wp\/v2\/types\/page"}],"author":[{"embeddable":true,"href":"https:\/\/ilsa-diagnostics.com\/en\/wp-json\/wp\/v2\/users\/1"}],"replies":[{"embeddable":true,"href":"https:\/\/ilsa-diagnostics.com\/en\/wp-json\/wp\/v2\/comments?post=789"}],"version-history":[{"count":0,"href":"https:\/\/ilsa-diagnostics.com\/en\/wp-json\/wp\/v2\/pages\/789\/revisions"}],"up":[{"embeddable":true,"href":"https:\/\/ilsa-diagnostics.com\/en\/wp-json\/wp\/v2\/pages\/788"}],"wp:featuredmedia":[{"embeddable":true,"href":"https:\/\/ilsa-diagnostics.com\/en\/wp-json\/wp\/v2\/media\/743"}],"wp:attachment":[{"href":"https:\/\/ilsa-diagnostics.com\/en\/wp-json\/wp\/v2\/media?parent=789"}],"curies":[{"name":"wp","href":"https:\/\/api.w.org\/{rel}","templated":true}]}}