{"id":788,"date":"2022-05-31T10:13:50","date_gmt":"2022-05-31T08:13:50","guid":{"rendered":"https:\/\/ilsa-diagnostics.com\/cytology\/"},"modified":"2022-09-12T14:41:18","modified_gmt":"2022-09-12T12:41:18","slug":"cytology","status":"publish","type":"page","link":"https:\/\/ilsa-diagnostics.com\/en\/cytology\/","title":{"rendered":"Cytology"},"content":{"rendered":"\n<div class=\"wp-block-group alignwide img-txt is-layout-flow wp-block-group-is-layout-flow\">\n<div class=\"wp-block-columns are-vertically-aligned-center is-layout-flex wp-container-core-columns-is-layout-1 wp-block-columns-is-layout-flex\">\n<div class=\"wp-block-column is-vertically-aligned-center is-layout-flow wp-block-column-is-layout-flow\" style=\"flex-basis:25%\">\n<figure class=\"wp-block-image size-full\"><img decoding=\"async\" src=\"https:\/\/ilsa-diagnostics.com\/content\/uploads\/2022\/05\/logo.svg\" alt=\"\" class=\"wp-image-568\"\/><\/figure>\n<\/div>\n\n\n\n<div class=\"wp-block-column is-vertically-aligned-center is-layout-flow wp-block-column-is-layout-flow\" style=\"flex-basis:75%\">\n<p class=\"has-black-color has-text-color\"><strong>iLsa Diagnostics has automated the reference method that led the development of liquid cytology technology, namely centrifugation.<\/strong><\/p>\n<\/div>\n<\/div>\n<\/div>\n\n\n\n<div class=\"wp-block-group alignwide title-text-2-img is-layout-flow wp-block-group-is-layout-flow\">\n<h4 class=\"wp-block-heading\"><em>iLsa Diagnostics has improved this reference method by centrifugation with several innovations to increase the quality of the spreads and thus facilitate manual reading or by scanner, to make the diagnosis safer, to secure the process of obtaining the slides, to automate to rationalize the operations and to obtain labor time savings&#8230;<\/em><\/h4>\n\n\n\n<p>First of all, the quality of the collected samples smears on slides:<\/p>\n\n\n\n<ul class=\"wp-block-list\"><li>No cells clusters, clear cells separation well without deformation, homogeneous thanks to the controlled double centrifugation process:<ul><li>A first slow centrifugation brings the cells closer to the blade. It enables to have a clean blade (no blood, less polynucleids, less bacteries, less mucus), a better visualisation of cells necessary to the diagnostics, and lessening of the unrelevant tests.<\/li><li>A second faster centrifugation enables the definitive glueing of the cells and the drying of the blade, without cell deformation<\/li><\/ul><\/li><li>Monolayer and reproductible spot (identical cell concentration on slide irrespective of the sample concentration)<\/li><\/ul>\n<\/div>\n\n\n\n<div class=\"wp-block-group alignfull has-primary-background-color has-background is-layout-flow wp-block-group-is-layout-flow\">\n<div class=\"wp-block-group alignwide is-layout-flow wp-block-group-is-layout-flow\">\n<p class=\"has-text-align-center has-quinquenary-color has-text-color\"><em><strong>iLsa Diagnostics is the designer and crafter of its instruments and consumables.<\/strong><\/em><\/p>\n\n\n\n<p class=\"has-text-align-center has-quinquenary-color has-text-color\"><em><strong>Agility, to adapt its products to the market evolution.<\/strong><\/em><\/p>\n\n\n\n<p class=\"has-text-align-center has-quinquenary-color has-text-color\"><em><strong>Reactivity, to anwser quickly to its clients<\/strong><\/em>.<\/p>\n<\/div>\n<\/div>\n\n\n\n<div class=\"wp-block-group alignwide pb0 has-quinquenary-background-color has-background is-layout-flow wp-block-group-is-layout-flow\">\n<div class=\"wp-block-columns is-layout-flex wp-container-core-columns-is-layout-2 wp-block-columns-is-layout-flex\">\n<div class=\"wp-block-column is-layout-flow wp-block-column-is-layout-flow\">\n<h2 class=\"wp-block-heading\">iLsa Diagnostic presents its instruments :<\/h2>\n<\/div>\n\n\n\n<div class=\"wp-block-column is-layout-flow wp-block-column-is-layout-flow\"><\/div>\n<\/div>\n<\/div>\n","protected":false},"excerpt":{"rendered":"<p>iLsa Diagnostics has automated the reference method that led the development of liquid cytology technology, namely centrifugation. iLsa Diagnostics has improved this reference method by centrifugation with several innovations to increase the quality of the spreads and thus facilitate manual reading or by scanner, to make the diagnosis safer, to secure the process of obtaining [&hellip;]<\/p>\n","protected":false},"author":1,"featured_media":0,"parent":0,"menu_order":1,"comment_status":"closed","ping_status":"closed","template":"","meta":{"_acf_changed":false,"footnotes":""},"class_list":["post-788","page","type-page","status-publish","hentry"],"acf":[],"yoast_head":"<!-- This site is optimized with the Yoast SEO plugin v24.1 - https:\/\/yoast.com\/wordpress\/plugins\/seo\/ -->\n<title>For a surer, more rational and readable cytology - iLsa Diagnostics<\/title>\n<meta name=\"description\" content=\"Thanks to our numerous innovations, iLsa Diagnostics has enhanced this reference method by making it more readable, sure, and rational.\" \/>\n<meta name=\"robots\" content=\"index, follow, max-snippet:-1, max-image-preview:large, max-video-preview:-1\" \/>\n<link rel=\"canonical\" href=\"https:\/\/ilsa-diagnostics.com\/en\/cytology\/\" \/>\n<meta property=\"og:locale\" content=\"en_US\" \/>\n<meta property=\"og:type\" content=\"article\" \/>\n<meta property=\"og:title\" content=\"For a surer, more rational and readable cytology - iLsa Diagnostics\" \/>\n<meta property=\"og:description\" content=\"Thanks to our numerous innovations, iLsa Diagnostics has enhanced this reference method by making it more readable, sure, and rational.\" \/>\n<meta property=\"og:url\" content=\"https:\/\/ilsa-diagnostics.com\/en\/cytology\/\" \/>\n<meta property=\"og:site_name\" content=\"iLsa Diagnostics\" \/>\n<meta property=\"article:modified_time\" content=\"2022-09-12T12:41:18+00:00\" \/>\n<meta property=\"og:image\" content=\"https:\/\/ilsa-diagnostics.com\/content\/uploads\/2022\/05\/logo.svg\" \/>\n<meta name=\"twitter:card\" content=\"summary_large_image\" \/>\n<meta name=\"twitter:label1\" content=\"Est. reading time\" \/>\n\t<meta name=\"twitter:data1\" content=\"2 minutes\" \/>\n<script type=\"application\/ld+json\" class=\"yoast-schema-graph\">{\"@context\":\"https:\/\/schema.org\",\"@graph\":[{\"@type\":\"WebPage\",\"@id\":\"https:\/\/ilsa-diagnostics.com\/en\/cytology\/\",\"url\":\"https:\/\/ilsa-diagnostics.com\/en\/cytology\/\",\"name\":\"For a surer, more rational and readable cytology - iLsa Diagnostics\",\"isPartOf\":{\"@id\":\"https:\/\/ilsa-diagnostics.com\/en\/#website\"},\"primaryImageOfPage\":{\"@id\":\"https:\/\/ilsa-diagnostics.com\/en\/cytology\/#primaryimage\"},\"image\":{\"@id\":\"https:\/\/ilsa-diagnostics.com\/en\/cytology\/#primaryimage\"},\"thumbnailUrl\":\"https:\/\/ilsa-diagnostics.com\/content\/uploads\/2022\/05\/logo.svg\",\"datePublished\":\"2022-05-31T08:13:50+00:00\",\"dateModified\":\"2022-09-12T12:41:18+00:00\",\"description\":\"Thanks to our numerous innovations, iLsa Diagnostics has enhanced this reference method by making it more readable, sure, and rational.\",\"breadcrumb\":{\"@id\":\"https:\/\/ilsa-diagnostics.com\/en\/cytology\/#breadcrumb\"},\"inLanguage\":\"en-US\",\"potentialAction\":[{\"@type\":\"ReadAction\",\"target\":[\"https:\/\/ilsa-diagnostics.com\/en\/cytology\/\"]}]},{\"@type\":\"ImageObject\",\"inLanguage\":\"en-US\",\"@id\":\"https:\/\/ilsa-diagnostics.com\/en\/cytology\/#primaryimage\",\"url\":\"https:\/\/ilsa-diagnostics.com\/content\/uploads\/2022\/05\/logo.svg\",\"contentUrl\":\"https:\/\/ilsa-diagnostics.com\/content\/uploads\/2022\/05\/logo.svg\"},{\"@type\":\"BreadcrumbList\",\"@id\":\"https:\/\/ilsa-diagnostics.com\/en\/cytology\/#breadcrumb\",\"itemListElement\":[{\"@type\":\"ListItem\",\"position\":1,\"name\":\"Accueil\",\"item\":\"https:\/\/ilsa-diagnostics.com\/en\/\"},{\"@type\":\"ListItem\",\"position\":2,\"name\":\"Cytology\"}]},{\"@type\":\"WebSite\",\"@id\":\"https:\/\/ilsa-diagnostics.com\/en\/#website\",\"url\":\"https:\/\/ilsa-diagnostics.com\/en\/\",\"name\":\"iLsa Diagnostics\",\"description\":\"Sp\u00e9cialiste des instruments  de laboratoire pour Cytologie  &amp; s\u00e9roth\u00e8ques\",\"publisher\":{\"@id\":\"https:\/\/ilsa-diagnostics.com\/en\/#organization\"},\"potentialAction\":[{\"@type\":\"SearchAction\",\"target\":{\"@type\":\"EntryPoint\",\"urlTemplate\":\"https:\/\/ilsa-diagnostics.com\/en\/?s={search_term_string}\"},\"query-input\":{\"@type\":\"PropertyValueSpecification\",\"valueRequired\":true,\"valueName\":\"search_term_string\"}}],\"inLanguage\":\"en-US\"},{\"@type\":\"Organization\",\"@id\":\"https:\/\/ilsa-diagnostics.com\/en\/#organization\",\"name\":\"iLsa Diagnostics\",\"url\":\"https:\/\/ilsa-diagnostics.com\/en\/\",\"logo\":{\"@type\":\"ImageObject\",\"inLanguage\":\"en-US\",\"@id\":\"https:\/\/ilsa-diagnostics.com\/en\/#\/schema\/logo\/image\/\",\"url\":\"https:\/\/ilsa-diagnostics.com\/content\/uploads\/2022\/05\/logo.svg\",\"contentUrl\":\"https:\/\/ilsa-diagnostics.com\/content\/uploads\/2022\/05\/logo.svg\",\"caption\":\"iLsa Diagnostics\"},\"image\":{\"@id\":\"https:\/\/ilsa-diagnostics.com\/en\/#\/schema\/logo\/image\/\"},\"sameAs\":[\"https:\/\/www.linkedin.com\/company\/ilsa\",\"https:\/\/www.youtube.com\/channel\/UCYpSopqXigx6gP9SgRQFLBw\"]}]}<\/script>\n<!-- \/ Yoast SEO plugin. -->","yoast_head_json":{"title":"For a surer, more rational and readable cytology - iLsa Diagnostics","description":"Thanks to our numerous innovations, iLsa Diagnostics has enhanced this reference method by making it more readable, sure, and rational.","robots":{"index":"index","follow":"follow","max-snippet":"max-snippet:-1","max-image-preview":"max-image-preview:large","max-video-preview":"max-video-preview:-1"},"canonical":"https:\/\/ilsa-diagnostics.com\/en\/cytology\/","og_locale":"en_US","og_type":"article","og_title":"For a surer, more rational and readable cytology - iLsa Diagnostics","og_description":"Thanks to our numerous innovations, iLsa Diagnostics has enhanced this reference method by making it more readable, sure, and rational.","og_url":"https:\/\/ilsa-diagnostics.com\/en\/cytology\/","og_site_name":"iLsa Diagnostics","article_modified_time":"2022-09-12T12:41:18+00:00","og_image":[{"url":"https:\/\/ilsa-diagnostics.com\/content\/uploads\/2022\/05\/logo.svg","type":"","width":"","height":""}],"twitter_card":"summary_large_image","twitter_misc":{"Est. reading time":"2 minutes"},"schema":{"@context":"https:\/\/schema.org","@graph":[{"@type":"WebPage","@id":"https:\/\/ilsa-diagnostics.com\/en\/cytology\/","url":"https:\/\/ilsa-diagnostics.com\/en\/cytology\/","name":"For a surer, more rational and readable cytology - iLsa Diagnostics","isPartOf":{"@id":"https:\/\/ilsa-diagnostics.com\/en\/#website"},"primaryImageOfPage":{"@id":"https:\/\/ilsa-diagnostics.com\/en\/cytology\/#primaryimage"},"image":{"@id":"https:\/\/ilsa-diagnostics.com\/en\/cytology\/#primaryimage"},"thumbnailUrl":"https:\/\/ilsa-diagnostics.com\/content\/uploads\/2022\/05\/logo.svg","datePublished":"2022-05-31T08:13:50+00:00","dateModified":"2022-09-12T12:41:18+00:00","description":"Thanks to our numerous innovations, iLsa Diagnostics has enhanced this reference method by making it more readable, sure, and rational.","breadcrumb":{"@id":"https:\/\/ilsa-diagnostics.com\/en\/cytology\/#breadcrumb"},"inLanguage":"en-US","potentialAction":[{"@type":"ReadAction","target":["https:\/\/ilsa-diagnostics.com\/en\/cytology\/"]}]},{"@type":"ImageObject","inLanguage":"en-US","@id":"https:\/\/ilsa-diagnostics.com\/en\/cytology\/#primaryimage","url":"https:\/\/ilsa-diagnostics.com\/content\/uploads\/2022\/05\/logo.svg","contentUrl":"https:\/\/ilsa-diagnostics.com\/content\/uploads\/2022\/05\/logo.svg"},{"@type":"BreadcrumbList","@id":"https:\/\/ilsa-diagnostics.com\/en\/cytology\/#breadcrumb","itemListElement":[{"@type":"ListItem","position":1,"name":"Accueil","item":"https:\/\/ilsa-diagnostics.com\/en\/"},{"@type":"ListItem","position":2,"name":"Cytology"}]},{"@type":"WebSite","@id":"https:\/\/ilsa-diagnostics.com\/en\/#website","url":"https:\/\/ilsa-diagnostics.com\/en\/","name":"iLsa Diagnostics","description":"Sp\u00e9cialiste des instruments  de laboratoire pour Cytologie  &amp; s\u00e9roth\u00e8ques","publisher":{"@id":"https:\/\/ilsa-diagnostics.com\/en\/#organization"},"potentialAction":[{"@type":"SearchAction","target":{"@type":"EntryPoint","urlTemplate":"https:\/\/ilsa-diagnostics.com\/en\/?s={search_term_string}"},"query-input":{"@type":"PropertyValueSpecification","valueRequired":true,"valueName":"search_term_string"}}],"inLanguage":"en-US"},{"@type":"Organization","@id":"https:\/\/ilsa-diagnostics.com\/en\/#organization","name":"iLsa Diagnostics","url":"https:\/\/ilsa-diagnostics.com\/en\/","logo":{"@type":"ImageObject","inLanguage":"en-US","@id":"https:\/\/ilsa-diagnostics.com\/en\/#\/schema\/logo\/image\/","url":"https:\/\/ilsa-diagnostics.com\/content\/uploads\/2022\/05\/logo.svg","contentUrl":"https:\/\/ilsa-diagnostics.com\/content\/uploads\/2022\/05\/logo.svg","caption":"iLsa Diagnostics"},"image":{"@id":"https:\/\/ilsa-diagnostics.com\/en\/#\/schema\/logo\/image\/"},"sameAs":["https:\/\/www.linkedin.com\/company\/ilsa","https:\/\/www.youtube.com\/channel\/UCYpSopqXigx6gP9SgRQFLBw"]}]}},"_links":{"self":[{"href":"https:\/\/ilsa-diagnostics.com\/en\/wp-json\/wp\/v2\/pages\/788","targetHints":{"allow":["GET"]}}],"collection":[{"href":"https:\/\/ilsa-diagnostics.com\/en\/wp-json\/wp\/v2\/pages"}],"about":[{"href":"https:\/\/ilsa-diagnostics.com\/en\/wp-json\/wp\/v2\/types\/page"}],"author":[{"embeddable":true,"href":"https:\/\/ilsa-diagnostics.com\/en\/wp-json\/wp\/v2\/users\/1"}],"replies":[{"embeddable":true,"href":"https:\/\/ilsa-diagnostics.com\/en\/wp-json\/wp\/v2\/comments?post=788"}],"version-history":[{"count":0,"href":"https:\/\/ilsa-diagnostics.com\/en\/wp-json\/wp\/v2\/pages\/788\/revisions"}],"wp:attachment":[{"href":"https:\/\/ilsa-diagnostics.com\/en\/wp-json\/wp\/v2\/media?parent=788"}],"curies":[{"name":"wp","href":"https:\/\/api.w.org\/{rel}","templated":true}]}}